{"id":18261,"date":"2025-02-10T14:56:25","date_gmt":"2025-02-10T17:56:25","guid":{"rendered":"https:\/\/zammi.com.br\/mi\/?page_id=18261"},"modified":"2025-04-10T11:49:15","modified_gmt":"2025-04-10T14:49:15","slug":"cba-2024","status":"publish","type":"page","link":"https:\/\/zammi.com.br\/mi\/cba-2024\/","title":{"rendered":"CBA 2024"},"content":{"rendered":"\t\t<div data-elementor-type=\"wp-page\" data-elementor-id=\"18261\" class=\"elementor elementor-18261\">\n\t\t\t\t<div class=\"elementor-element elementor-element-9dc689d e-flex e-con-boxed e-con e-parent\" data-id=\"9dc689d\" data-element_type=\"container\" data-e-type=\"container\" data-settings=\"{&quot;background_background&quot;:&quot;classic&quot;,&quot;animation&quot;:&quot;none&quot;}\">\n\t\t\t\t\t<div class=\"e-con-inner\">\n\t\t\t\t<div class=\"elementor-element elementor-element-76a9630 elementor-widget-mobile__width-initial elementor-widget elementor-widget-text-editor\" data-id=\"76a9630\" data-element_type=\"widget\" data-e-type=\"widget\" data-widget_type=\"text-editor.default\">\n\t\t\t\t<div class=\"elementor-widget-container\">\n\t\t\t\t\t\t\t\t\t<p><span style=\"color: #ffffff;\"><strong><a style=\"color: #ffffff;\" title=\"Home\" href=\"https:\/\/zammi.com.br\/mi\">HOME<\/a> \/ <\/strong><span style=\"color: #d14041;\"><span style=\"color: #ffffff;\"><strong><a style=\"color: #ffffff;\" href=\"https:\/\/zammi.com.br\/mi\/#eventos\">EVENTOS<\/a> \/ <\/strong><\/span><a title=\"CBA 2024\" href=\"https:\/\/zammi.com.br\/mi\/cba-2024\/\"><strong><span style=\"color: #d14041;\">CBA 2024<\/span><\/strong><\/a><\/span><\/span><\/p>\t\t\t\t\t\t\t\t<\/div>\n\t\t\t\t<\/div>\n\t\t<div class=\"elementor-element elementor-element-e26b5d0 e-con-full e-flex e-con e-child\" data-id=\"e26b5d0\" data-element_type=\"container\" data-e-type=\"container\" data-settings=\"{&quot;background_background&quot;:&quot;classic&quot;}\">\n\t\t\t\t<div class=\"elementor-element elementor-element-260b2f6 elementor-widget elementor-widget-heading\" data-id=\"260b2f6\" data-element_type=\"widget\" data-e-type=\"widget\" data-widget_type=\"heading.default\">\n\t\t\t\t<div class=\"elementor-widget-container\">\n\t\t\t\t\t<h2 class=\"elementor-heading-title elementor-size-default\">CBA 2024<\/h2>\t\t\t\t<\/div>\n\t\t\t\t<\/div>\n\t\t\t\t<\/div>\n\t\t\t\t\t<\/div>\n\t\t\t\t<\/div>\n\t\t<div class=\"elementor-element elementor-element-271c205 e-flex e-con-boxed e-con e-parent\" data-id=\"271c205\" data-element_type=\"container\" data-e-type=\"container\">\n\t\t\t\t\t<div class=\"e-con-inner\">\n\t\t\t\t<div class=\"elementor-element elementor-element-64e0f54 elementor-widget elementor-widget-heading\" data-id=\"64e0f54\" data-element_type=\"widget\" data-e-type=\"widget\" data-widget_type=\"heading.default\">\n\t\t\t\t<div class=\"elementor-widget-container\">\n\t\t\t\t\t<h2 class=\"elementor-heading-title elementor-size-default\">69\u00ba Congresso Brasileiro de Anestesiologista<\/h2>\t\t\t\t<\/div>\n\t\t\t\t<\/div>\n\t\t\t\t<div class=\"elementor-element elementor-element-d3987b0 elementor-widget elementor-widget-text-editor\" data-id=\"d3987b0\" data-element_type=\"widget\" data-e-type=\"widget\" data-widget_type=\"text-editor.default\">\n\t\t\t\t<div class=\"elementor-widget-container\">\n\t\t\t\t\t\t\t\t\t<p>A Zammi foi patrocinadora oficial do 69\u00ba Congresso Brasileiro de Anestesiologia, organizado pela Sociedade Brasileira de Anestesiologia (SBA), que foi realizado dos dias 13 a 16 de novembro de 2024, no Minascentro, em Belo Horizonte, MG. O congresso contou com uma programa\u00e7\u00e3o diversificada. As inova\u00e7\u00f5es cient\u00edficas e tecnol\u00f3gicas da especialidade foram amplamente debatidas, com a participa\u00e7\u00e3o de renomados convidados nacionais e internacionais. O Congresso teve como principal tema: \u201cDesvende o futuro da anestesia: Intelig\u00eancia Artificial e Medicina de Precis\u00e3o no Congresso Oficial da Anestesia Brasileira.<\/p><p>\u00a0<\/p><p>A Zammi participou de alguns worshops, que come\u00e7ou no dia 12 de novembro sobre Workshop Ventila\u00e7\u00e3o Mec\u00e2nica, Workshop TIVA, Cen\u00e1rio TIVA e Ventila\u00e7\u00e3o Mec\u00e2nica no CBA na Pr\u00e1tica (Aqu\u00e1rio de Simula\u00e7\u00e3o): a Exposi\u00e7\u00e3o de banner do patrocinador o Presen\u00e7a de representante durante a atividade o Inclus\u00e3o da logomarca do patrocinador da divulga\u00e7\u00e3o da atividade.<\/p>\t\t\t\t\t\t\t\t<\/div>\n\t\t\t\t<\/div>\n\t\t\t\t\t<\/div>\n\t\t\t\t<\/div>\n\t\t<div class=\"elementor-element elementor-element-89bf905 e-flex e-con-boxed e-con e-parent\" data-id=\"89bf905\" data-element_type=\"container\" data-e-type=\"container\">\n\t\t\t\t\t<div class=\"e-con-inner\">\n\t\t\t\t<div class=\"elementor-element elementor-element-22a814b elementor-arrows-position-inside elementor-pagination-position-outside elementor-widget elementor-widget-image-carousel\" data-id=\"22a814b\" data-element_type=\"widget\" data-e-type=\"widget\" data-settings=\"{&quot;slides_to_show&quot;:&quot;1&quot;,&quot;navigation&quot;:&quot;both&quot;,&quot;autoplay&quot;:&quot;yes&quot;,&quot;pause_on_hover&quot;:&quot;yes&quot;,&quot;pause_on_interaction&quot;:&quot;yes&quot;,&quot;autoplay_speed&quot;:5000,&quot;infinite&quot;:&quot;yes&quot;,&quot;effect&quot;:&quot;slide&quot;,&quot;speed&quot;:500}\" data-widget_type=\"image-carousel.default\">\n\t\t\t\t<div class=\"elementor-widget-container\">\n\t\t\t\t\t\t\t<div class=\"elementor-image-carousel-wrapper swiper\" role=\"region\" aria-roledescription=\"carousel\" aria-label=\"Carrossel de imagens\" dir=\"ltr\">\n\t\t\t<div class=\"elementor-image-carousel swiper-wrapper\" aria-live=\"off\">\n\t\t\t\t\t\t\t\t<div class=\"swiper-slide\" role=\"group\" aria-roledescription=\"slide\" aria-label=\"1 de 1\"><figure class=\"swiper-slide-inner\"><img decoding=\"async\" class=\"swiper-slide-image\" src=\"https:\/\/zammi.com.br\/mi\/wp-content\/uploads\/2025\/02\/zammi-congresso-brasileiro-anestesiologia-cba-2024.webp\" alt=\"Zammi na CBA 2024\" loading=\"lazy\" \/><\/figure><\/div>\t\t\t<\/div>\n\t\t\t\t\t<\/div>\n\t\t\t\t\t\t<\/div>\n\t\t\t\t<\/div>\n\t\t\t\t\t<\/div>\n\t\t\t\t<\/div>\n\t\t\t\t<\/div>\n\t\t","protected":false},"excerpt":{"rendered":"<p>HOME \/ EVENTOS \/ CBA 2024 CBA 2024 69\u00ba Congresso Brasileiro de Anestesiologista A Zammi foi patrocinadora oficial do 69\u00ba Congresso Brasileiro de Anestesiologia, organizado pela Sociedade Brasileira de Anestesiologia (SBA), que foi realizado dos dias 13 a 16 de novembro de 2024, no Minascentro, em Belo Horizonte, MG. O congresso contou com uma programa\u00e7\u00e3o [&hellip;]<\/p>\n","protected":false},"author":1,"featured_media":0,"parent":0,"menu_order":0,"comment_status":"closed","ping_status":"closed","template":"elementor_header_footer","meta":{"_acf_changed":false,"footnotes":""},"class_list":["post-18261","page","type-page","status-publish","hentry"],"acf":[],"aioseo_notices":[],"_links":{"self":[{"href":"https:\/\/zammi.com.br\/mi\/wp-json\/wp\/v2\/pages\/18261","targetHints":{"allow":["GET"]}}],"collection":[{"href":"https:\/\/zammi.com.br\/mi\/wp-json\/wp\/v2\/pages"}],"about":[{"href":"https:\/\/zammi.com.br\/mi\/wp-json\/wp\/v2\/types\/page"}],"author":[{"embeddable":true,"href":"https:\/\/zammi.com.br\/mi\/wp-json\/wp\/v2\/users\/1"}],"replies":[{"embeddable":true,"href":"https:\/\/zammi.com.br\/mi\/wp-json\/wp\/v2\/comments?post=18261"}],"version-history":[{"count":61,"href":"https:\/\/zammi.com.br\/mi\/wp-json\/wp\/v2\/pages\/18261\/revisions"}],"predecessor-version":[{"id":22027,"href":"https:\/\/zammi.com.br\/mi\/wp-json\/wp\/v2\/pages\/18261\/revisions\/22027"}],"wp:attachment":[{"href":"https:\/\/zammi.com.br\/mi\/wp-json\/wp\/v2\/media?parent=18261"}],"curies":[{"name":"wp","href":"https:\/\/api.w.org\/{rel}","templated":true}]}}