{"id":18522,"date":"2025-02-13T15:13:31","date_gmt":"2025-02-13T18:13:31","guid":{"rendered":"https:\/\/zammi.com.br\/mi\/?page_id=18522"},"modified":"2025-05-06T08:59:55","modified_gmt":"2025-05-06T11:59:55","slug":"centro-de-pesquisa","status":"publish","type":"page","link":"https:\/\/zammi.com.br\/mi\/centro-de-pesquisa\/","title":{"rendered":"Centro de Pesquisa"},"content":{"rendered":"\t\t<div data-elementor-type=\"wp-page\" data-elementor-id=\"18522\" class=\"elementor elementor-18522\">\n\t\t\t\t<div class=\"elementor-element elementor-element-324e361 e-flex e-con-boxed e-con e-parent\" data-id=\"324e361\" data-element_type=\"container\" data-e-type=\"container\" data-settings=\"{&quot;background_background&quot;:&quot;classic&quot;,&quot;animation&quot;:&quot;none&quot;}\">\n\t\t\t\t\t<div class=\"e-con-inner\">\n\t\t<div class=\"elementor-element elementor-element-fb0630f e-con-full e-flex e-con e-child\" data-id=\"fb0630f\" data-element_type=\"container\" data-e-type=\"container\" data-settings=\"{&quot;background_background&quot;:&quot;classic&quot;}\">\n\t\t\t\t<div class=\"elementor-element elementor-element-b900365 elementor-widget elementor-widget-heading\" data-id=\"b900365\" data-element_type=\"widget\" data-e-type=\"widget\" data-widget_type=\"heading.default\">\n\t\t\t\t<div class=\"elementor-widget-container\">\n\t\t\t\t\t<h2 class=\"elementor-heading-title elementor-size-default\">Centro de Pesquisa<\/h2>\t\t\t\t<\/div>\n\t\t\t\t<\/div>\n\t\t\t\t<\/div>\n\t\t\t\t<div class=\"elementor-element elementor-element-373deca elementor-widget-mobile__width-initial elementor-widget elementor-widget-text-editor\" data-id=\"373deca\" data-element_type=\"widget\" data-e-type=\"widget\" data-widget_type=\"text-editor.default\">\n\t\t\t\t<div class=\"elementor-widget-container\">\n\t\t\t\t\t\t\t\t\t<p><strong><span style=\"color: #ffffff;\"><a title=\"Home\" href=\"https:\/\/zammi.com.br\/mi\/\"><span style=\"color: #ffffff;\">HOME<\/span><\/a> \/ <span style=\"color: #d14041;\"><span style=\"color: #d14041;\"><a title=\"Centro de Pesquisa\" href=\"https:\/\/zammi.com.br\/mi\/centro-de-pesquisa\/\"><span style=\"color: #d14041;\">CENTRO DE PESQUISA<\/span><\/a><\/span><\/span><\/span><\/strong><\/p>\t\t\t\t\t\t\t\t<\/div>\n\t\t\t\t<\/div>\n\t\t\t\t\t<\/div>\n\t\t\t\t<\/div>\n\t\t\t\t<div class=\"elementor-section elementor-top-section elementor-element elementor-element-274892e elementor-section-stretched elementor-section-full_width elementor-section-height-default elementor-section-height-default\" data-id=\"274892e\" data-element_type=\"section\" data-e-type=\"section\" data-settings=\"{&quot;stretch_section&quot;:&quot;section-stretched&quot;,&quot;background_background&quot;:&quot;classic&quot;}\">\n\t\t\t\t\t\t\t<div class=\"elementor-background-overlay\"><\/div>\n\t\t\t\t\t\t\t<div class=\"elementor-container elementor-column-gap-no\">\n\t\t\t\t\t<div class=\"elementor-column elementor-col-50 elementor-top-column elementor-element elementor-element-c81c18b\" data-id=\"c81c18b\" data-element_type=\"column\" data-e-type=\"column\">\n\t\t\t<div class=\"elementor-widget-wrap elementor-element-populated\">\n\t\t\t\t\t\t<div class=\"elementor-element elementor-element-16d3077 elementor-widget__width-initial elementor-widget-mobile__width-inherit elementor-widget elementor-widget-image\" data-id=\"16d3077\" data-element_type=\"widget\" data-e-type=\"widget\" data-widget_type=\"image.default\">\n\t\t\t\t<div class=\"elementor-widget-container\">\n\t\t\t\t\t\t\t\t\t\t\t\t\t\t\t<img fetchpriority=\"high\" decoding=\"async\" width=\"2560\" height=\"1706\" src=\"https:\/\/zammi.com.br\/mi\/wp-content\/uploads\/2025\/02\/mulher-de-touca-e-mascara-com-microscopio-scaled.webp\" class=\"attachment-full size-full wp-image-18532\" alt=\"Mulher de touca e m\u00e1scara com microsc\u00f3pio\" srcset=\"https:\/\/zammi.com.br\/mi\/wp-content\/uploads\/2025\/02\/mulher-de-touca-e-mascara-com-microscopio-scaled.webp 2560w, https:\/\/zammi.com.br\/mi\/wp-content\/uploads\/2025\/02\/mulher-de-touca-e-mascara-com-microscopio-300x200.webp 300w, https:\/\/zammi.com.br\/mi\/wp-content\/uploads\/2025\/02\/mulher-de-touca-e-mascara-com-microscopio-1024x683.webp 1024w, https:\/\/zammi.com.br\/mi\/wp-content\/uploads\/2025\/02\/mulher-de-touca-e-mascara-com-microscopio-768x512.webp 768w, https:\/\/zammi.com.br\/mi\/wp-content\/uploads\/2025\/02\/mulher-de-touca-e-mascara-com-microscopio-1536x1024.webp 1536w, https:\/\/zammi.com.br\/mi\/wp-content\/uploads\/2025\/02\/mulher-de-touca-e-mascara-com-microscopio-2048x1365.webp 2048w\" sizes=\"(max-width: 2560px) 100vw, 2560px\" \/>\t\t\t\t\t\t\t\t\t\t\t\t\t\t\t<\/div>\n\t\t\t\t<\/div>\n\t\t\t\t\t<\/div>\n\t\t<\/div>\n\t\t\t\t<div class=\"elementor-column elementor-col-50 elementor-top-column elementor-element elementor-element-3026971\" data-id=\"3026971\" data-element_type=\"column\" data-e-type=\"column\" data-settings=\"{&quot;background_background&quot;:&quot;classic&quot;}\">\n\t\t\t<div class=\"elementor-widget-wrap elementor-element-populated\">\n\t\t\t\t\t\t<div class=\"elementor-element elementor-element-587a8bf elementor-widget elementor-widget-section-title\" data-id=\"587a8bf\" data-element_type=\"widget\" data-e-type=\"widget\" data-widget_type=\"section-title.default\">\n\t\t\t\t<div class=\"elementor-widget-container\">\n\t\t\t\t\t<div class=\"pt-section pt-style-1 text-left\">\r\n\t\t\r\n   \t\t   \t\t\t   <h5 class=\"pt-section-title\" >Investimos em pesquisa e desenvolvimento com Centro de P&amp;D pr\u00f3prio.  Participamos e visitamos os principais Congressos Mundiais sempre atentos \u00e0s  novas t\u00e9cnicas e tecnologia.<\/h5>\r\n\t\t\t\r\n<\/div>\t\t\t\t<\/div>\n\t\t\t\t<\/div>\n\t\t\t\t\t<\/div>\n\t\t<\/div>\n\t\t\t\t\t<\/div>\n\t\t<\/div>\n\t\t<div class=\"elementor-element elementor-element-60dec15 e-flex e-con-boxed e-con e-parent\" data-id=\"60dec15\" data-element_type=\"container\" data-e-type=\"container\" data-settings=\"{&quot;background_background&quot;:&quot;classic&quot;}\">\n\t\t\t\t\t<div class=\"e-con-inner\">\n\t\t<div class=\"elementor-element elementor-element-ae2e380 e-con-full e-flex e-con e-child\" data-id=\"ae2e380\" data-element_type=\"container\" data-e-type=\"container\">\n\t\t\t\t<div class=\"elementor-element elementor-element-bb4fd6a elementor-widget elementor-widget-text-editor\" data-id=\"bb4fd6a\" data-element_type=\"widget\" data-e-type=\"widget\" data-widget_type=\"text-editor.default\">\n\t\t\t\t<div class=\"elementor-widget-container\">\n\t\t\t\t\t\t\t\t\t<ul><li>Nossa unidade de esteriliza\u00e7\u00e3o de \u00f3xido de Etileno foi aprovada de acordo <br \/>com Portaria Interministerial 482 (19\/04\/1999). Estas instala\u00e7\u00f5es viabilizam <br \/>o fluxo cont\u00ednuo de produ\u00e7\u00e3o, sem intermedi\u00e1rios, contribuindo para a <br \/>garantia do produto final.<\/li><li>Toda a f\u00e1brica segue a regulamenta\u00e7\u00e3o, com ambiente controlado, <br \/>colaboradores treinados e capacitados para garantir a qualidade e seguran\u00e7a <br \/>dos produtos para sa\u00fade.<\/li><\/ul>\t\t\t\t\t\t\t\t<\/div>\n\t\t\t\t<\/div>\n\t\t\t\t<\/div>\n\t\t<div class=\"elementor-element elementor-element-0c39f55 e-con-full e-flex e-con e-child\" data-id=\"0c39f55\" data-element_type=\"container\" data-e-type=\"container\">\n\t\t\t\t<div class=\"elementor-element elementor-element-e154f18 elementor-widget elementor-widget-text-editor\" data-id=\"e154f18\" data-element_type=\"widget\" data-e-type=\"widget\" data-widget_type=\"text-editor.default\">\n\t\t\t\t<div class=\"elementor-widget-container\">\n\t\t\t\t\t\t\t\t\t<ul>\n<li>Laborat\u00f3rio de Qualidade pr\u00f3prio, certificado e qualificado para testes de <br>esteriliza\u00e7\u00e3o.<\/li>\n<li>Possu\u00edmos Certifica\u00e7\u00e3o de Boas Pr\u00e1ticas de Fabrica\u00e7\u00e3o de Produtos M\u00e9dicos <br>(BPFPM) &#8211; ANVISA.<\/li>\n<li>Nossos fornecedores possuem Certifica\u00e7\u00e3o de Sistema de Qualidade e nossa <br>mat\u00e9ria prima passa por rigorosos testes de qualidade.<\/li>\n<\/ul>\t\t\t\t\t\t\t\t<\/div>\n\t\t\t\t<\/div>\n\t\t\t\t<\/div>\n\t\t\t\t\t<\/div>\n\t\t\t\t<\/div>\n\t\t\t\t<\/div>\n\t\t","protected":false},"excerpt":{"rendered":"<p>Centro de Pesquisa HOME \/ CENTRO DE PESQUISA Investimos em pesquisa e desenvolvimento com Centro de P&amp;D pr\u00f3prio. Participamos e visitamos os principais Congressos Mundiais sempre atentos \u00e0s novas t\u00e9cnicas e tecnologia. Nossa unidade de esteriliza\u00e7\u00e3o de \u00f3xido de Etileno foi aprovada de acordo com Portaria Interministerial 482 (19\/04\/1999). Estas instala\u00e7\u00f5es viabilizam o fluxo cont\u00ednuo [&hellip;]<\/p>\n","protected":false},"author":1,"featured_media":0,"parent":0,"menu_order":0,"comment_status":"closed","ping_status":"closed","template":"elementor_header_footer","meta":{"_acf_changed":false,"footnotes":""},"class_list":["post-18522","page","type-page","status-publish","hentry"],"acf":[],"aioseo_notices":[],"_links":{"self":[{"href":"https:\/\/zammi.com.br\/mi\/wp-json\/wp\/v2\/pages\/18522","targetHints":{"allow":["GET"]}}],"collection":[{"href":"https:\/\/zammi.com.br\/mi\/wp-json\/wp\/v2\/pages"}],"about":[{"href":"https:\/\/zammi.com.br\/mi\/wp-json\/wp\/v2\/types\/page"}],"author":[{"embeddable":true,"href":"https:\/\/zammi.com.br\/mi\/wp-json\/wp\/v2\/users\/1"}],"replies":[{"embeddable":true,"href":"https:\/\/zammi.com.br\/mi\/wp-json\/wp\/v2\/comments?post=18522"}],"version-history":[{"count":56,"href":"https:\/\/zammi.com.br\/mi\/wp-json\/wp\/v2\/pages\/18522\/revisions"}],"predecessor-version":[{"id":21721,"href":"https:\/\/zammi.com.br\/mi\/wp-json\/wp\/v2\/pages\/18522\/revisions\/21721"}],"wp:attachment":[{"href":"https:\/\/zammi.com.br\/mi\/wp-json\/wp\/v2\/media?parent=18522"}],"curies":[{"name":"wp","href":"https:\/\/api.w.org\/{rel}","templated":true}]}}