{"id":19074,"date":"2025-02-20T14:52:33","date_gmt":"2025-02-20T17:52:33","guid":{"rendered":"https:\/\/zammi.com.br\/mi\/?page_id=19074"},"modified":"2025-10-15T13:46:23","modified_gmt":"2025-10-15T16:46:23","slug":"artrozamm","status":"publish","type":"page","link":"https:\/\/zammi.com.br\/mi\/linha-hospitalar\/artrozamm\/","title":{"rendered":"Artrozamm"},"content":{"rendered":"\t\t<div data-elementor-type=\"wp-page\" data-elementor-id=\"19074\" class=\"elementor elementor-19074\">\n\t\t\t\t<div class=\"elementor-element elementor-element-4f32f761 e-flex e-con-boxed e-con e-parent\" data-id=\"4f32f761\" data-element_type=\"container\" data-e-type=\"container\" data-settings=\"{&quot;background_background&quot;:&quot;classic&quot;}\">\n\t\t\t\t\t<div class=\"e-con-inner\">\n\t\t<div class=\"elementor-element elementor-element-129e192b e-con-full e-flex e-con e-child\" data-id=\"129e192b\" data-element_type=\"container\" data-e-type=\"container\" data-settings=\"{&quot;background_background&quot;:&quot;classic&quot;}\">\n\t\t\t\t<div class=\"elementor-element elementor-element-193ee1e2 elementor-widget elementor-widget-heading\" data-id=\"193ee1e2\" data-element_type=\"widget\" data-e-type=\"widget\" data-widget_type=\"heading.default\">\n\t\t\t\t<div class=\"elementor-widget-container\">\n\t\t\t\t\t<h2 class=\"elementor-heading-title elementor-size-default\">Artrozamm<\/h2>\t\t\t\t<\/div>\n\t\t\t\t<\/div>\n\t\t\t\t<\/div>\n\t\t\t\t<div class=\"elementor-element elementor-element-1448e8d7 elementor-widget-mobile__width-initial elementor-widget elementor-widget-text-editor\" data-id=\"1448e8d7\" data-element_type=\"widget\" data-e-type=\"widget\" data-widget_type=\"text-editor.default\">\n\t\t\t\t<div class=\"elementor-widget-container\">\n\t\t\t\t\t\t\t\t\t<p><strong><span style=\"color: #ffffff;\"><a style=\"color: #ffffff;\" href=\"https:\/\/zammi.com.br\/mi\/\">HOME<\/a> \/ <span style=\"color: #d14041;\"><span style=\"color: #d14041;\"><span style=\"color: #ffffff;\"><a style=\"color: #ffffff;\" href=\"https:\/\/zammi.com.br\/mi\/#produtos\">PRODUTOS<\/a> \/ <a style=\"color: #ffffff;\" title=\"Linha Hospitalar\" href=\"https:\/\/zammi.com.br\/mi\/linha-hospitalar\/\">LINHA HOSPITALAR<\/a> \/<\/span> <a title=\"Artrozamm\" href=\"https:\/\/zammi.com.br\/mi\/linha-hospitalar\/artrozamm\/\"><span style=\"color: #d14041;\">ARTROZAMM<\/span><\/a><\/span><\/span><\/span><\/strong><\/p>\t\t\t\t\t\t\t\t<\/div>\n\t\t\t\t<\/div>\n\t\t\t\t\t<\/div>\n\t\t\t\t<\/div>\n\t\t\t\t<div class=\"elementor-section elementor-top-section elementor-element elementor-element-516436ae elementor-section-stretched elementor-section-boxed elementor-section-height-default elementor-section-height-default\" data-id=\"516436ae\" data-element_type=\"section\" data-e-type=\"section\" data-settings=\"{&quot;stretch_section&quot;:&quot;section-stretched&quot;}\">\n\t\t\t\t\t\t<div class=\"elementor-container elementor-column-gap-default\">\n\t\t\t\t\t<div class=\"elementor-column elementor-col-66 elementor-top-column elementor-element elementor-element-552cbe8d\" data-id=\"552cbe8d\" data-element_type=\"column\" data-e-type=\"column\">\n\t\t\t<div class=\"elementor-widget-wrap elementor-element-populated\">\n\t\t\t\t\t\t<div class=\"elementor-element elementor-element-6042a5cb elementor-arrows-position-inside elementor-widget elementor-widget-image-carousel\" data-id=\"6042a5cb\" data-element_type=\"widget\" data-e-type=\"widget\" data-settings=\"{&quot;slides_to_show&quot;:&quot;1&quot;,&quot;navigation&quot;:&quot;arrows&quot;,&quot;effect&quot;:&quot;slide&quot;,&quot;speed&quot;:500}\" data-widget_type=\"image-carousel.default\">\n\t\t\t\t<div class=\"elementor-widget-container\">\n\t\t\t\t\t\t\t<div class=\"elementor-image-carousel-wrapper swiper\" role=\"region\" aria-roledescription=\"carousel\" aria-label=\"Carrossel de imagens\" dir=\"ltr\">\n\t\t\t<div class=\"elementor-image-carousel swiper-wrapper\" aria-live=\"polite\">\n\t\t\t\t\t\t\t\t<div class=\"swiper-slide\" role=\"group\" aria-roledescription=\"slide\" aria-label=\"1 de 2\"><figure class=\"swiper-slide-inner\"><img decoding=\"async\" class=\"swiper-slide-image\" src=\"https:\/\/zammi.com.br\/mi\/wp-content\/uploads\/2025\/02\/artrozamm-02-1.webp\" alt=\"Artrozamm\" loading=\"lazy\" \/><\/figure><\/div><div class=\"swiper-slide\" role=\"group\" aria-roledescription=\"slide\" aria-label=\"2 de 2\"><figure class=\"swiper-slide-inner\"><img decoding=\"async\" class=\"swiper-slide-image\" src=\"https:\/\/zammi.com.br\/mi\/wp-content\/uploads\/2025\/02\/artrozamm-01.webp\" alt=\"Artrozamm\" loading=\"lazy\" \/><\/figure><\/div>\t\t\t<\/div>\n\t\t\t\t\t\t\t\t\t\t\t\t<div class=\"elementor-swiper-button elementor-swiper-button-prev\" role=\"button\" tabindex=\"0\">\n\t\t\t\t\t\t<svg aria-hidden=\"true\" class=\"e-font-icon-svg e-eicon-chevron-left\" viewBox=\"0 0 1000 1000\" xmlns=\"http:\/\/www.w3.org\/2000\/svg\"><path d=\"M646 125C629 125 613 133 604 142L308 442C296 454 292 471 292 487 292 504 296 521 308 533L604 854C617 867 629 875 646 875 663 875 679 871 692 858 704 846 713 829 713 812 713 796 708 779 692 767L438 487 692 225C700 217 708 204 708 187 708 171 704 154 692 142 675 129 663 125 646 125Z\"><\/path><\/svg>\t\t\t\t\t<\/div>\n\t\t\t\t\t<div class=\"elementor-swiper-button elementor-swiper-button-next\" role=\"button\" tabindex=\"0\">\n\t\t\t\t\t\t<svg aria-hidden=\"true\" class=\"e-font-icon-svg e-eicon-chevron-right\" viewBox=\"0 0 1000 1000\" xmlns=\"http:\/\/www.w3.org\/2000\/svg\"><path d=\"M696 533C708 521 713 504 713 487 713 471 708 454 696 446L400 146C388 133 375 125 354 125 338 125 325 129 313 142 300 154 292 171 292 187 292 204 296 221 308 233L563 492 304 771C292 783 288 800 288 817 288 833 296 850 308 863 321 871 338 875 354 875 371 875 388 867 400 854L696 533Z\"><\/path><\/svg>\t\t\t\t\t<\/div>\n\t\t\t\t\n\t\t\t\t\t\t\t\t\t<\/div>\n\t\t\t\t\t\t<\/div>\n\t\t\t\t<\/div>\n\t\t\t\t<div class=\"elementor-element elementor-element-3ffa7802 elementor-widget elementor-widget-heading\" data-id=\"3ffa7802\" data-element_type=\"widget\" data-e-type=\"widget\" data-widget_type=\"heading.default\">\n\t\t\t\t<div class=\"elementor-widget-container\">\n\t\t\t\t\t<h4 class=\"elementor-heading-title elementor-size-default\">Indica\u00e7\u00e3o<\/h4>\t\t\t\t<\/div>\n\t\t\t\t<\/div>\n\t\t\t\t<div class=\"elementor-element elementor-element-4941f469 elementor-widget elementor-widget-text-editor\" data-id=\"4941f469\" data-element_type=\"widget\" data-e-type=\"widget\" data-widget_type=\"text-editor.default\">\n\t\t\t\t<div class=\"elementor-widget-container\">\n\t\t\t\t\t\t\t\t\t<ul><li>Irriga\u00e7\u00e3o de alto fluxo em procedimentos de abordagem artrosc\u00f3pica.<\/li><li>Irriga\u00e7\u00e3o em cirurgias urol\u00f3gicas, com controle eficaz de sangramento.<\/li><li>Irriga\u00e7\u00e3o de cavidades e\/ou perfus\u00e3o de \u00f3rg\u00e3os em cirurgias.<\/li><\/ul>\t\t\t\t\t\t\t\t<\/div>\n\t\t\t\t<\/div>\n\t\t\t\t<div class=\"elementor-element elementor-element-704a66c3 elementor-widget elementor-widget-heading\" data-id=\"704a66c3\" data-element_type=\"widget\" data-e-type=\"widget\" data-widget_type=\"heading.default\">\n\t\t\t\t<div class=\"elementor-widget-container\">\n\t\t\t\t\t<h4 class=\"elementor-heading-title elementor-size-default\">Descri\u00e7\u00e3o<\/h4>\t\t\t\t<\/div>\n\t\t\t\t<\/div>\n\t\t\t\t<div class=\"elementor-section elementor-inner-section elementor-element elementor-element-3f8b4bfb elementor-section-boxed elementor-section-height-default elementor-section-height-default\" data-id=\"3f8b4bfb\" data-element_type=\"section\" data-e-type=\"section\">\n\t\t\t\t\t\t<div class=\"elementor-container elementor-column-gap-default\">\n\t\t\t\t\t<div class=\"elementor-column elementor-col-100 elementor-inner-column elementor-element elementor-element-15b9ae00\" data-id=\"15b9ae00\" data-element_type=\"column\" data-e-type=\"column\">\n\t\t\t<div class=\"elementor-widget-wrap elementor-element-populated\">\n\t\t\t\t\t\t<div class=\"elementor-element elementor-element-50b414b3 elementor-widget elementor-widget-text-editor\" data-id=\"50b414b3\" data-element_type=\"widget\" data-e-type=\"widget\" data-widget_type=\"text-editor.default\">\n\t\t\t\t<div class=\"elementor-widget-container\">\n\t\t\t\t\t\t\t\t\t<ul><li>Equipamento de PVC cristal com 2 ou 4 vias de extens\u00e3o, com di\u00e2metros de 1\/4\u201d.<\/li><li>Cada via apresenta ponta perfuradora, tampa e pin\u00e7a-fluxo.<\/li><li>Conector de PVC cristal na extremidade, com op\u00e7\u00e3o de conector luer lock.<\/li><li>Produto livre de l\u00e1tex.<\/li><li>Esterilizado em ETO.<\/li><\/ul>\t\t\t\t\t\t\t\t<\/div>\n\t\t\t\t<\/div>\n\t\t\t\t\t<\/div>\n\t\t<\/div>\n\t\t\t\t\t<\/div>\n\t\t<\/div>\n\t\t\t\t<div class=\"elementor-element elementor-element-3a24d2f elementor-align-justify elementor-widget__width-inherit elementor-widget elementor-widget-button\" data-id=\"3a24d2f\" data-element_type=\"widget\" data-e-type=\"widget\" data-widget_type=\"button.default\">\n\t\t\t\t<div class=\"elementor-widget-container\">\n\t\t\t\t\t\t\t\t\t<div class=\"elementor-button-wrapper\">\n\t\t\t\t\t<a class=\"elementor-button elementor-button-link elementor-size-sm\" href=\"https:\/\/consultas.anvisa.gov.br\/#\/saude\/\">\n\t\t\t\t\t\t<span class=\"elementor-button-content-wrapper\">\n\t\t\t\t\t\t\t\t\t<span class=\"elementor-button-text\">Instru\u00e7\u00e3o de Uso<\/span>\n\t\t\t\t\t<\/span>\n\t\t\t\t\t<\/a>\n\t\t\t\t<\/div>\n\t\t\t\t\t\t\t\t<\/div>\n\t\t\t\t<\/div>\n\t\t\t\t<div class=\"elementor-element elementor-element-d076588 elementor-align-justify elementor-widget__width-inherit elementor-widget elementor-widget-button\" data-id=\"d076588\" data-element_type=\"widget\" data-e-type=\"widget\" data-widget_type=\"button.default\">\n\t\t\t\t<div class=\"elementor-widget-container\">\n\t\t\t\t\t\t\t\t\t<div class=\"elementor-button-wrapper\">\n\t\t\t\t\t<a class=\"elementor-button elementor-button-link elementor-size-sm\" href=\"https:\/\/zammi.com.br\/mi\/wp-content\/uploads\/2025\/03\/artrozamm-pt.pdf\">\n\t\t\t\t\t\t<span class=\"elementor-button-content-wrapper\">\n\t\t\t\t\t\t<span class=\"elementor-button-icon\">\n\t\t\t\t<svg aria-hidden=\"true\" class=\"e-font-icon-svg e-fas-download\" viewBox=\"0 0 512 512\" xmlns=\"http:\/\/www.w3.org\/2000\/svg\"><path d=\"M216 0h80c13.3 0 24 10.7 24 24v168h87.7c17.8 0 26.7 21.5 14.1 34.1L269.7 378.3c-7.5 7.5-19.8 7.5-27.3 0L90.1 226.1c-12.6-12.6-3.7-34.1 14.1-34.1H192V24c0-13.3 10.7-24 24-24zm296 376v112c0 13.3-10.7 24-24 24H24c-13.3 0-24-10.7-24-24V376c0-13.3 10.7-24 24-24h146.7l49 49c20.1 20.1 52.5 20.1 72.6 0l49-49H488c13.3 0 24 10.7 24 24zm-124 88c0-11-9-20-20-20s-20 9-20 20 9 20 20 20 20-9 20-20zm64 0c0-11-9-20-20-20s-20 9-20 20 9 20 20 20 20-9 20-20z\"><\/path><\/svg>\t\t\t<\/span>\n\t\t\t\t\t\t\t\t\t<span class=\"elementor-button-text\">Ficha T\u00e9cnica (PT) <\/span>\n\t\t\t\t\t<\/span>\n\t\t\t\t\t<\/a>\n\t\t\t\t<\/div>\n\t\t\t\t\t\t\t\t<\/div>\n\t\t\t\t<\/div>\n\t\t\t\t<div class=\"elementor-element elementor-element-af729a7 elementor-align-justify elementor-widget__width-inherit elementor-widget elementor-widget-button\" data-id=\"af729a7\" data-element_type=\"widget\" data-e-type=\"widget\" data-widget_type=\"button.default\">\n\t\t\t\t<div class=\"elementor-widget-container\">\n\t\t\t\t\t\t\t\t\t<div class=\"elementor-button-wrapper\">\n\t\t\t\t\t<a class=\"elementor-button elementor-button-link elementor-size-sm\" href=\"https:\/\/zammi.com.br\/mi\/wp-content\/uploads\/2025\/03\/artrozamm-en.pdf\">\n\t\t\t\t\t\t<span class=\"elementor-button-content-wrapper\">\n\t\t\t\t\t\t<span class=\"elementor-button-icon\">\n\t\t\t\t<svg aria-hidden=\"true\" class=\"e-font-icon-svg e-fas-download\" viewBox=\"0 0 512 512\" xmlns=\"http:\/\/www.w3.org\/2000\/svg\"><path d=\"M216 0h80c13.3 0 24 10.7 24 24v168h87.7c17.8 0 26.7 21.5 14.1 34.1L269.7 378.3c-7.5 7.5-19.8 7.5-27.3 0L90.1 226.1c-12.6-12.6-3.7-34.1 14.1-34.1H192V24c0-13.3 10.7-24 24-24zm296 376v112c0 13.3-10.7 24-24 24H24c-13.3 0-24-10.7-24-24V376c0-13.3 10.7-24 24-24h146.7l49 49c20.1 20.1 52.5 20.1 72.6 0l49-49H488c13.3 0 24 10.7 24 24zm-124 88c0-11-9-20-20-20s-20 9-20 20 9 20 20 20 20-9 20-20zm64 0c0-11-9-20-20-20s-20 9-20 20 9 20 20 20 20-9 20-20z\"><\/path><\/svg>\t\t\t<\/span>\n\t\t\t\t\t\t\t\t\t<span class=\"elementor-button-text\">Ficha T\u00e9cnica (EN) <\/span>\n\t\t\t\t\t<\/span>\n\t\t\t\t\t<\/a>\n\t\t\t\t<\/div>\n\t\t\t\t\t\t\t\t<\/div>\n\t\t\t\t<\/div>\n\t\t<div class=\"elementor-element elementor-element-8824aee e-flex e-con-boxed e-con e-parent\" data-id=\"8824aee\" data-element_type=\"container\" data-e-type=\"container\" data-settings=\"{&quot;background_background&quot;:&quot;classic&quot;}\">\n\t\t\t\t\t<div class=\"e-con-inner\">\n\t\t\t\t<div class=\"elementor-element elementor-element-b6ea4b3 elementor-widget elementor-widget-heading\" data-id=\"b6ea4b3\" data-element_type=\"widget\" data-e-type=\"widget\" data-widget_type=\"heading.default\">\n\t\t\t\t<div class=\"elementor-widget-container\">\n\t\t\t\t\t<h3 class=\"elementor-heading-title elementor-size-default\">Entre em contato<\/h3>\t\t\t\t<\/div>\n\t\t\t\t<\/div>\n\t\t\t\t<div class=\"elementor-element elementor-element-bd89e15 elementor-widget elementor-widget-text-editor\" data-id=\"bd89e15\" data-element_type=\"widget\" data-e-type=\"widget\" data-widget_type=\"text-editor.default\">\n\t\t\t\t<div class=\"elementor-widget-container\">\n\t\t\t\t\t\t\t\t\t<p><span style=\"color: #ffffff;\">Nossa equipe est\u00e1 pronta para responder \u00e0s suas perguntas e garantir um \u00f3timo atendimento.<\/span><\/p>\t\t\t\t\t\t\t\t<\/div>\n\t\t\t\t<\/div>\n\t\t<div class=\"elementor-element elementor-element-da9e07e e-con-full e-grid e-con e-child\" data-id=\"da9e07e\" data-element_type=\"container\" data-e-type=\"container\">\n\t\t\t\t<div class=\"elementor-element elementor-element-cbf6896 elementor-align-left elementor-widget__width-inherit elementor-widget elementor-widget-button\" data-id=\"cbf6896\" data-element_type=\"widget\" data-e-type=\"widget\" data-widget_type=\"button.default\">\n\t\t\t\t<div class=\"elementor-widget-container\">\n\t\t\t\t\t\t\t\t\t<div class=\"elementor-button-wrapper\">\n\t\t\t\t\t<a class=\"elementor-button elementor-button-link elementor-size-sm\" href=\"https:\/\/zammi.com.br\/mi\/contato\/departamento-comercial\/\">\n\t\t\t\t\t\t<span class=\"elementor-button-content-wrapper\">\n\t\t\t\t\t\t\t\t\t<span class=\"elementor-button-text\">Como podemos te ajudar<\/span>\n\t\t\t\t\t<\/span>\n\t\t\t\t\t<\/a>\n\t\t\t\t<\/div>\n\t\t\t\t\t\t\t\t<\/div>\n\t\t\t\t<\/div>\n\t\t\t\t<\/div>\n\t\t\t\t\t<\/div>\n\t\t\t\t<\/div>\n\t\t\t\t\t<\/div>\n\t\t<\/div>\n\t\t\t\t<div class=\"elementor-column elementor-col-33 elementor-top-column elementor-element elementor-element-4dc44b43\" data-id=\"4dc44b43\" data-element_type=\"column\" data-e-type=\"column\" data-settings=\"{&quot;background_background&quot;:&quot;classic&quot;}\">\n\t\t\t<div class=\"elementor-widget-wrap elementor-element-populated\">\n\t\t\t\t\t\t<div class=\"elementor-element elementor-element-efa1064 elementor-widget elementor-widget-sidebar\" data-id=\"efa1064\" data-element_type=\"widget\" data-e-type=\"widget\" data-widget_type=\"sidebar.default\">\n\t\t\t\t<div class=\"elementor-widget-container\">\n\t\t\t\t\t<div class=\"widget widget-port\"><div class=\"menu-service-menu-container\"><ul id=\"menu-service-menu\" class=\"menu\"><li id=\"menu-item-19278\" class=\"menu-item menu-item-type-post_type menu-item-object-page menu-item-has-children dropdown menu-item-19278\"><a href=\"https:\/\/zammi.com.br\/mi\/linha-hospitalar\/\">Linha Hospitalar<\/a>\n<ul class=\"sub-menu\">\n\t<li id=\"menu-item-18950\" class=\"menu-item menu-item-type-post_type menu-item-object-page menu-item-18950\"><a href=\"https:\/\/zammi.com.br\/mi\/linha-hospitalar\/avazamm\/\">Avazamm<\/a><\/li>\n\t<li id=\"menu-item-18968\" class=\"menu-item menu-item-type-post_type menu-item-object-page menu-item-18968\"><a href=\"https:\/\/zammi.com.br\/mi\/linha-hospitalar\/broncozamm\/\">Broncozamm<\/a><\/li>\n\t<li id=\"menu-item-18990\" class=\"menu-item menu-item-type-post_type menu-item-object-page menu-item-18990\"><a href=\"https:\/\/zammi.com.br\/mi\/linha-hospitalar\/drenosuczamm\/\">Drenosuczamm<\/a><\/li>\n\t<li id=\"menu-item-19004\" class=\"menu-item menu-item-type-post_type menu-item-object-page menu-item-19004\"><a href=\"https:\/\/zammi.com.br\/mi\/linha-hospitalar\/multizamm-max\/\">Multizamm Max<\/a><\/li>\n\t<li id=\"menu-item-19033\" class=\"menu-item menu-item-type-post_type menu-item-object-page menu-item-19033\"><a href=\"https:\/\/zammi.com.br\/mi\/linha-hospitalar\/sterzamm\/\">Sterzamm<\/a><\/li>\n\t<li id=\"menu-item-19049\" class=\"menu-item menu-item-type-post_type menu-item-object-page menu-item-19049\"><a href=\"https:\/\/zammi.com.br\/mi\/linha-hospitalar\/zammivac\/\">Zammivac<\/a><\/li>\n\t<li id=\"menu-item-19061\" class=\"menu-item menu-item-type-post_type menu-item-object-page menu-item-19061\"><a href=\"https:\/\/zammi.com.br\/mi\/linha-hospitalar\/drenozamm\/\">Drenozamm<\/a><\/li>\n\t<li id=\"menu-item-19071\" class=\"menu-item menu-item-type-post_type menu-item-object-page menu-item-19071\"><a href=\"https:\/\/zammi.com.br\/mi\/linha-hospitalar\/pleurozamm\/\">Pleurozamm<\/a><\/li>\n\t<li id=\"menu-item-19086\" class=\"menu-item menu-item-type-post_type menu-item-object-page menu-item-19086\"><a href=\"https:\/\/zammi.com.br\/mi\/linha-hospitalar\/torozamm\/\">Torozamm<\/a><\/li>\n\t<li id=\"menu-item-19095\" class=\"menu-item menu-item-type-post_type menu-item-object-page menu-item-19095\"><a href=\"https:\/\/zammi.com.br\/mi\/linha-hospitalar\/artrozamm\/\">Artrozamm<\/a><\/li>\n\t<li id=\"menu-item-19105\" class=\"menu-item menu-item-type-post_type menu-item-object-page menu-item-19105\"><a href=\"https:\/\/zammi.com.br\/mi\/linha-hospitalar\/irrigazamm-duo\/\">Irrigazamm Duo<\/a><\/li>\n\t<li id=\"menu-item-19115\" class=\"menu-item menu-item-type-post_type menu-item-object-page menu-item-19115\"><a href=\"https:\/\/zammi.com.br\/mi\/linha-hospitalar\/perfuzamm-2-vias\/\">Perfuzamm 2 Vias<\/a><\/li>\n\t<li id=\"menu-item-19125\" class=\"menu-item menu-item-type-post_type menu-item-object-page menu-item-19125\"><a href=\"https:\/\/zammi.com.br\/mi\/linha-hospitalar\/irrigazamm-c\/\">Irrigazamm C<\/a><\/li>\n\t<li id=\"menu-item-19135\" class=\"menu-item menu-item-type-post_type menu-item-object-page menu-item-19135\"><a href=\"https:\/\/zammi.com.br\/mi\/linha-hospitalar\/extensao-para-centro-cirurgico\/\">Extens\u00e3o para centro cir\u00fargico<\/a><\/li>\n\t<li id=\"menu-item-19145\" class=\"menu-item menu-item-type-post_type menu-item-object-page menu-item-19145\"><a href=\"https:\/\/zammi.com.br\/mi\/linha-hospitalar\/extensao-para-videolaparoscopia\/\">Extens\u00e3o para videolaparoscopia<\/a><\/li>\n\t<li id=\"menu-item-19155\" class=\"menu-item menu-item-type-post_type menu-item-object-page menu-item-19155\"><a href=\"https:\/\/zammi.com.br\/mi\/linha-hospitalar\/oxizamm\/\">Oxizamm<\/a><\/li>\n\t<li id=\"menu-item-19165\" class=\"menu-item menu-item-type-post_type menu-item-object-page menu-item-19165\"><a href=\"https:\/\/zammi.com.br\/mi\/linha-hospitalar\/urozamm-star\/\">Urozamm Star<\/a><\/li>\n\t<li id=\"menu-item-19175\" class=\"menu-item menu-item-type-post_type menu-item-object-page menu-item-19175\"><a href=\"https:\/\/zammi.com.br\/mi\/linha-hospitalar\/urozamm-top\/\">Urozamm Top<\/a><\/li>\n\t<li id=\"menu-item-19185\" class=\"menu-item menu-item-type-post_type menu-item-object-page menu-item-19185\"><a href=\"https:\/\/zammi.com.br\/mi\/linha-hospitalar\/urozamm-diurese-horaria\/\">Urozamm Diurese Hor\u00e1ria<\/a><\/li>\n\t<li id=\"menu-item-20845\" class=\"menu-item menu-item-type-post_type menu-item-object-page menu-item-20845\"><a href=\"https:\/\/zammi.com.br\/mi\/linha-hospitalar\/urozamm-500-advanced\/\">Urozamm 500 Advanced<\/a><\/li>\n\t<li id=\"menu-item-19193\" class=\"menu-item menu-item-type-post_type menu-item-object-page menu-item-19193\"><a href=\"https:\/\/zammi.com.br\/mi\/linha-hospitalar\/caneta-para-marcacao-cirurgica\/\">Caneta para marca\u00e7\u00e3o cir\u00fargica<\/a><\/li>\n<\/ul>\n<\/li>\n<li id=\"menu-item-19279\" class=\"menu-item menu-item-type-post_type menu-item-object-page menu-item-has-children dropdown menu-item-19279\"><a href=\"https:\/\/zammi.com.br\/mi\/linha-terapia-intensiva\/\">Linha Terapia Intensiva<\/a>\n<ul class=\"sub-menu\">\n\t<li id=\"menu-item-19277\" class=\"menu-item menu-item-type-post_type menu-item-object-page menu-item-19277\"><a href=\"https:\/\/zammi.com.br\/mi\/linha-terapia-intensiva\/bolsa-pressorica-premere\/\">Bolsa Press\u00f3rica Premere<\/a><\/li>\n\t<li id=\"menu-item-19368\" class=\"menu-item menu-item-type-post_type menu-item-object-page menu-item-19368\"><a href=\"https:\/\/zammi.com.br\/mi\/linha-terapia-intensiva\/kit-de-monitorizacao-de-pressao-kmp\/\">Kit de Monitoriza\u00e7\u00e3o de Press\u00e3o \u2013 KMP<\/a><\/li>\n\t<li id=\"menu-item-19369\" class=\"menu-item menu-item-type-post_type menu-item-object-page menu-item-19369\"><a href=\"https:\/\/zammi.com.br\/mi\/linha-terapia-intensiva\/premere-smart-2\/\">Premere Smart<\/a><\/li>\n<\/ul>\n<\/li>\n<li id=\"menu-item-19370\" class=\"menu-item menu-item-type-post_type menu-item-object-page menu-item-has-children dropdown menu-item-19370\"><a href=\"https:\/\/zammi.com.br\/mi\/linha-cardiaca\/\">Linha Card\u00edaca<\/a>\n<ul class=\"sub-menu\">\n\t<li id=\"menu-item-20650\" class=\"menu-item menu-item-type-post_type menu-item-object-page menu-item-20650\"><a href=\"https:\/\/zammi.com.br\/mi\/linha-cardiaca\/safe-cec-2\/\">Safe CEC<\/a><\/li>\n<\/ul>\n<\/li>\n<li id=\"menu-item-20651\" class=\"menu-item menu-item-type-post_type menu-item-object-page menu-item-20651\"><a href=\"https:\/\/zammi.com.br\/mi\/linha-toracica\/\">Linha Tor\u00e1cica<\/a><\/li>\n<\/ul><\/div><\/div>\t\t\t\t<\/div>\n\t\t\t\t<\/div>\n\t\t\t\t<div class=\"elementor-element elementor-element-a0e71ee elementor-align-left elementor-widget__width-inherit elementor-widget elementor-widget-button\" data-id=\"a0e71ee\" data-element_type=\"widget\" data-e-type=\"widget\" data-widget_type=\"button.default\">\n\t\t\t\t<div class=\"elementor-widget-container\">\n\t\t\t\t\t\t\t\t\t<div class=\"elementor-button-wrapper\">\n\t\t\t\t\t<a class=\"elementor-button elementor-button-link elementor-size-sm\" href=\"https:\/\/zammi.com.br\/mi\/wp-content\/uploads\/2025\/04\/IFU-013-REV-Equipo-para-Irrigacao-Artrozamm-2-ou-4-vias_10216350113.pdf\">\n\t\t\t\t\t\t<span class=\"elementor-button-content-wrapper\">\n\t\t\t\t\t\t<span class=\"elementor-button-icon\">\n\t\t\t\t<svg aria-hidden=\"true\" class=\"e-font-icon-svg e-fas-download\" viewBox=\"0 0 512 512\" xmlns=\"http:\/\/www.w3.org\/2000\/svg\"><path d=\"M216 0h80c13.3 0 24 10.7 24 24v168h87.7c17.8 0 26.7 21.5 14.1 34.1L269.7 378.3c-7.5 7.5-19.8 7.5-27.3 0L90.1 226.1c-12.6-12.6-3.7-34.1 14.1-34.1H192V24c0-13.3 10.7-24 24-24zm296 376v112c0 13.3-10.7 24-24 24H24c-13.3 0-24-10.7-24-24V376c0-13.3 10.7-24 24-24h146.7l49 49c20.1 20.1 52.5 20.1 72.6 0l49-49H488c13.3 0 24 10.7 24 24zm-124 88c0-11-9-20-20-20s-20 9-20 20 9 20 20 20 20-9 20-20zm64 0c0-11-9-20-20-20s-20 9-20 20 9 20 20 20 20-9 20-20z\"><\/path><\/svg>\t\t\t<\/span>\n\t\t\t\t\t\t\t\t\t<span class=\"elementor-button-text\">Instru\u00e7\u00e3o de Uso<\/span>\n\t\t\t\t\t<\/span>\n\t\t\t\t\t<\/a>\n\t\t\t\t<\/div>\n\t\t\t\t\t\t\t\t<\/div>\n\t\t\t\t<\/div>\n\t\t\t\t\t<\/div>\n\t\t<\/div>\n\t\t\t\t\t<\/div>\n\t\t<\/div>\n\t\t<div class=\"elementor-element elementor-element-5d874ab e-flex e-con-boxed e-con e-parent\" data-id=\"5d874ab\" data-element_type=\"container\" data-e-type=\"container\" data-settings=\"{&quot;background_background&quot;:&quot;classic&quot;}\">\n\t\t\t\t\t<div class=\"e-con-inner\">\n\t\t<div class=\"elementor-element elementor-element-186e7e1 e-con-full e-flex e-con e-child\" data-id=\"186e7e1\" data-element_type=\"container\" data-e-type=\"container\">\n\t\t\t\t<div class=\"elementor-element elementor-element-f914182 elementor-widget elementor-widget-image\" data-id=\"f914182\" data-element_type=\"widget\" data-e-type=\"widget\" data-widget_type=\"image.default\">\n\t\t\t\t<div class=\"elementor-widget-container\">\n\t\t\t\t\t\t\t\t\t\t\t\t\t\t\t<img fetchpriority=\"high\" decoding=\"async\" width=\"419\" height=\"124\" src=\"https:\/\/zammi.com.br\/mi\/wp-content\/uploads\/2025\/01\/elemento-marca-rodape.webp\" class=\"attachment-large size-large wp-image-19701\" alt=\"\" srcset=\"https:\/\/zammi.com.br\/mi\/wp-content\/uploads\/2025\/01\/elemento-marca-rodape.webp 419w, https:\/\/zammi.com.br\/mi\/wp-content\/uploads\/2025\/01\/elemento-marca-rodape-300x89.webp 300w\" sizes=\"(max-width: 419px) 100vw, 419px\" \/>\t\t\t\t\t\t\t\t\t\t\t\t\t\t\t<\/div>\n\t\t\t\t<\/div>\n\t\t\t\t<\/div>\n\t\t\t\t\t<\/div>\n\t\t\t\t<\/div>\n\t\t\t\t<\/div>\n\t\t","protected":false},"excerpt":{"rendered":"<p>Artrozamm HOME \/ PRODUTOS \/ LINHA HOSPITALAR \/ ARTROZAMM Indica\u00e7\u00e3o Irriga\u00e7\u00e3o de alto fluxo em procedimentos de abordagem artrosc\u00f3pica. Irriga\u00e7\u00e3o em cirurgias urol\u00f3gicas, com controle eficaz de sangramento. Irriga\u00e7\u00e3o de cavidades e\/ou perfus\u00e3o de \u00f3rg\u00e3os em cirurgias. Descri\u00e7\u00e3o Equipamento de PVC cristal com 2 ou 4 vias de extens\u00e3o, com di\u00e2metros de 1\/4\u201d. Cada via [&hellip;]<\/p>\n","protected":false},"author":1,"featured_media":0,"parent":18334,"menu_order":0,"comment_status":"closed","ping_status":"closed","template":"elementor_header_footer","meta":{"_acf_changed":false,"footnotes":""},"class_list":["post-19074","page","type-page","status-publish","hentry"],"acf":[],"aioseo_notices":[],"_links":{"self":[{"href":"https:\/\/zammi.com.br\/mi\/wp-json\/wp\/v2\/pages\/19074","targetHints":{"allow":["GET"]}}],"collection":[{"href":"https:\/\/zammi.com.br\/mi\/wp-json\/wp\/v2\/pages"}],"about":[{"href":"https:\/\/zammi.com.br\/mi\/wp-json\/wp\/v2\/types\/page"}],"author":[{"embeddable":true,"href":"https:\/\/zammi.com.br\/mi\/wp-json\/wp\/v2\/users\/1"}],"replies":[{"embeddable":true,"href":"https:\/\/zammi.com.br\/mi\/wp-json\/wp\/v2\/comments?post=19074"}],"version-history":[{"count":70,"href":"https:\/\/zammi.com.br\/mi\/wp-json\/wp\/v2\/pages\/19074\/revisions"}],"predecessor-version":[{"id":21869,"href":"https:\/\/zammi.com.br\/mi\/wp-json\/wp\/v2\/pages\/19074\/revisions\/21869"}],"up":[{"embeddable":true,"href":"https:\/\/zammi.com.br\/mi\/wp-json\/wp\/v2\/pages\/18334"}],"wp:attachment":[{"href":"https:\/\/zammi.com.br\/mi\/wp-json\/wp\/v2\/media?parent=19074"}],"curies":[{"name":"wp","href":"https:\/\/api.w.org\/{rel}","templated":true}]}}