{"id":19248,"date":"2025-02-24T09:25:10","date_gmt":"2025-02-24T12:25:10","guid":{"rendered":"https:\/\/zammi.com.br\/mi\/?page_id=19248"},"modified":"2026-02-04T10:05:14","modified_gmt":"2026-02-04T13:05:14","slug":"linha-terapia-intensiva","status":"publish","type":"page","link":"https:\/\/zammi.com.br\/mi\/linha-terapia-intensiva\/","title":{"rendered":"Linha Terapia Intensiva"},"content":{"rendered":"\t\t<div data-elementor-type=\"wp-page\" data-elementor-id=\"19248\" class=\"elementor elementor-19248\">\n\t\t\t\t<div class=\"elementor-element elementor-element-b95cd4d e-flex e-con-boxed e-con e-parent\" data-id=\"b95cd4d\" data-element_type=\"container\" data-e-type=\"container\" data-settings=\"{&quot;background_background&quot;:&quot;classic&quot;,&quot;animation&quot;:&quot;none&quot;}\">\n\t\t\t\t\t<div class=\"e-con-inner\">\n\t\t<div class=\"elementor-element elementor-element-e3dc08c e-con-full e-flex e-con e-child\" data-id=\"e3dc08c\" data-element_type=\"container\" data-e-type=\"container\" data-settings=\"{&quot;background_background&quot;:&quot;classic&quot;}\">\n\t\t\t\t<div class=\"elementor-element elementor-element-f887970 elementor-widget elementor-widget-heading\" data-id=\"f887970\" data-element_type=\"widget\" data-e-type=\"widget\" data-widget_type=\"heading.default\">\n\t\t\t\t<div class=\"elementor-widget-container\">\n\t\t\t\t\t<h2 class=\"elementor-heading-title elementor-size-default\">Linha Terapia Intensiva<\/h2>\t\t\t\t<\/div>\n\t\t\t\t<\/div>\n\t\t\t\t<\/div>\n\t\t\t\t<div class=\"elementor-element elementor-element-c0a4c98 elementor-widget elementor-widget-text-editor\" data-id=\"c0a4c98\" data-element_type=\"widget\" data-e-type=\"widget\" data-widget_type=\"text-editor.default\">\n\t\t\t\t<div class=\"elementor-widget-container\">\n\t\t\t\t\t\t\t\t\t<p><strong><span style=\"color: #ffffff;\"><a style=\"color: #ffffff;\" title=\"Home\" href=\"https:\/\/zammi.com.br\/mi\/\">HOME<\/a> \/ <span style=\"color: #d14041;\"><span style=\"color: #d14041;\"><span style=\"color: #ffffff;\"><a href=\"https:\/\/zammi.com.br\/mi\/#produtos\"><span style=\"color: #ffffff;\">PRODUTOS<\/span><\/a> \/<\/span> <a title=\"Linha Terapia Intensiva\" href=\"https:\/\/zammi.com.br\/mi\/linha-terapia-intensiva\/\"><span style=\"color: #d14041;\">LINHA TERAPIA INTENSIVA<\/span><\/a><\/span><\/span><\/span><\/strong><\/p>\t\t\t\t\t\t\t\t<\/div>\n\t\t\t\t<\/div>\n\t\t\t\t\t<\/div>\n\t\t\t\t<\/div>\n\t\t<div class=\"elementor-element elementor-element-4423724 e-grid e-con-boxed e-con e-parent\" data-id=\"4423724\" data-element_type=\"container\" data-e-type=\"container\">\n\t\t\t\t\t<div class=\"e-con-inner\">\n\t\t<div class=\"elementor-element elementor-element-bd8a710 e-con-full e-flex e-con e-child\" data-id=\"bd8a710\" data-element_type=\"container\" data-e-type=\"container\">\n\t\t\t\t<div class=\"elementor-element elementor-element-d7033ec elementor-widget__width-initial elementor-widget elementor-widget-image\" data-id=\"d7033ec\" data-element_type=\"widget\" data-e-type=\"widget\" data-widget_type=\"image.default\">\n\t\t\t\t<div class=\"elementor-widget-container\">\n\t\t\t\t\t\t\t\t\t\t\t\t\t\t\t\t<a href=\"https:\/\/zammi.com.br\/mi\/linha-terapia-intensiva\/bolsa-pressorica-premere\/\">\n\t\t\t\t\t\t\t<img fetchpriority=\"high\" decoding=\"async\" width=\"1000\" height=\"1000\" src=\"https:\/\/zammi.com.br\/mi\/wp-content\/uploads\/2025\/02\/premere-capa.webp\" class=\"attachment-full size-full wp-image-19254\" alt=\"Bolsa Press\u00f3rica Premere\" srcset=\"https:\/\/zammi.com.br\/mi\/wp-content\/uploads\/2025\/02\/premere-capa.webp 1000w, https:\/\/zammi.com.br\/mi\/wp-content\/uploads\/2025\/02\/premere-capa-300x300.webp 300w, https:\/\/zammi.com.br\/mi\/wp-content\/uploads\/2025\/02\/premere-capa-150x150.webp 150w, https:\/\/zammi.com.br\/mi\/wp-content\/uploads\/2025\/02\/premere-capa-768x768.webp 768w\" sizes=\"(max-width: 1000px) 100vw, 1000px\" \/>\t\t\t\t\t\t\t\t<\/a>\n\t\t\t\t\t\t\t\t\t\t\t\t\t\t\t<\/div>\n\t\t\t\t<\/div>\n\t\t<div class=\"elementor-element elementor-element-a17a766 e-con-full e-flex e-con e-child\" data-id=\"a17a766\" data-element_type=\"container\" data-e-type=\"container\" data-settings=\"{&quot;background_background&quot;:&quot;classic&quot;}\">\n\t\t\t\t<div class=\"elementor-element elementor-element-a5651c1 elementor-widget elementor-widget-heading\" data-id=\"a5651c1\" data-element_type=\"widget\" data-e-type=\"widget\" data-widget_type=\"heading.default\">\n\t\t\t\t<div class=\"elementor-widget-container\">\n\t\t\t\t\t<h4 class=\"elementor-heading-title elementor-size-default\"><a href=\"https:\/\/zammi.com.br\/mi\/linha-terapia-intensiva\/bolsa-pressorica-premere\/\">Bolsa Press\u00f3rica Premere<\/a><\/h4>\t\t\t\t<\/div>\n\t\t\t\t<\/div>\n\t\t\t\t<\/div>\n\t\t\t\t<\/div>\n\t\t<div class=\"elementor-element elementor-element-78f608c e-con-full e-flex e-con e-child\" data-id=\"78f608c\" data-element_type=\"container\" data-e-type=\"container\">\n\t\t\t\t<div class=\"elementor-element elementor-element-582d7f2 elementor-widget__width-initial elementor-widget elementor-widget-image\" data-id=\"582d7f2\" data-element_type=\"widget\" data-e-type=\"widget\" data-widget_type=\"image.default\">\n\t\t\t\t<div class=\"elementor-widget-container\">\n\t\t\t\t\t\t\t\t\t\t\t\t\t\t\t\t<a href=\"https:\/\/zammi.com.br\/mi\/linha-terapia-intensiva\/premere-smart-2\/\">\n\t\t\t\t\t\t\t<img decoding=\"async\" width=\"1000\" height=\"1000\" src=\"https:\/\/zammi.com.br\/mi\/wp-content\/uploads\/2025\/02\/premere-smart.webp\" class=\"attachment-full size-full wp-image-19255\" alt=\"\" srcset=\"https:\/\/zammi.com.br\/mi\/wp-content\/uploads\/2025\/02\/premere-smart.webp 1000w, https:\/\/zammi.com.br\/mi\/wp-content\/uploads\/2025\/02\/premere-smart-300x300.webp 300w, https:\/\/zammi.com.br\/mi\/wp-content\/uploads\/2025\/02\/premere-smart-150x150.webp 150w, https:\/\/zammi.com.br\/mi\/wp-content\/uploads\/2025\/02\/premere-smart-768x768.webp 768w\" sizes=\"(max-width: 1000px) 100vw, 1000px\" loading=\"lazy\" \/>\t\t\t\t\t\t\t\t<\/a>\n\t\t\t\t\t\t\t\t\t\t\t\t\t\t\t<\/div>\n\t\t\t\t<\/div>\n\t\t<div class=\"elementor-element elementor-element-3d192dc e-con-full e-flex e-con e-child\" data-id=\"3d192dc\" data-element_type=\"container\" data-e-type=\"container\" data-settings=\"{&quot;background_background&quot;:&quot;classic&quot;}\">\n\t\t\t\t<div class=\"elementor-element elementor-element-cc96cc1 elementor-widget elementor-widget-heading\" data-id=\"cc96cc1\" data-element_type=\"widget\" data-e-type=\"widget\" data-widget_type=\"heading.default\">\n\t\t\t\t<div class=\"elementor-widget-container\">\n\t\t\t\t\t<h4 class=\"elementor-heading-title elementor-size-default\"><a href=\"https:\/\/zammi.com.br\/mi\/linha-terapia-intensiva\/premere-smart-2\/\">Premere Smart<\/a><\/h4>\t\t\t\t<\/div>\n\t\t\t\t<\/div>\n\t\t\t\t<\/div>\n\t\t\t\t<\/div>\n\t\t<div class=\"elementor-element elementor-element-f760367 e-con-full e-flex e-con e-child\" data-id=\"f760367\" data-element_type=\"container\" data-e-type=\"container\">\n\t\t\t\t<div class=\"elementor-element elementor-element-024b67b elementor-widget__width-initial elementor-widget elementor-widget-image\" data-id=\"024b67b\" data-element_type=\"widget\" data-e-type=\"widget\" data-widget_type=\"image.default\">\n\t\t\t\t<div class=\"elementor-widget-container\">\n\t\t\t\t\t\t\t\t\t\t\t\t\t\t\t\t<a href=\"https:\/\/zammi.com.br\/mi\/linha-terapia-intensiva\/kit-de-monitorizacao-de-pressao-kmp\/\">\n\t\t\t\t\t\t\t<img decoding=\"async\" width=\"1000\" height=\"1000\" src=\"https:\/\/zammi.com.br\/mi\/wp-content\/uploads\/2025\/02\/kmp-capa.webp\" class=\"attachment-full size-full wp-image-19256\" alt=\"\" srcset=\"https:\/\/zammi.com.br\/mi\/wp-content\/uploads\/2025\/02\/kmp-capa.webp 1000w, https:\/\/zammi.com.br\/mi\/wp-content\/uploads\/2025\/02\/kmp-capa-300x300.webp 300w, https:\/\/zammi.com.br\/mi\/wp-content\/uploads\/2025\/02\/kmp-capa-150x150.webp 150w, https:\/\/zammi.com.br\/mi\/wp-content\/uploads\/2025\/02\/kmp-capa-768x768.webp 768w\" sizes=\"(max-width: 1000px) 100vw, 1000px\" loading=\"lazy\" \/>\t\t\t\t\t\t\t\t<\/a>\n\t\t\t\t\t\t\t\t\t\t\t\t\t\t\t<\/div>\n\t\t\t\t<\/div>\n\t\t<div class=\"elementor-element elementor-element-d0f7af9 e-con-full e-flex e-con e-child\" data-id=\"d0f7af9\" data-element_type=\"container\" data-e-type=\"container\" data-settings=\"{&quot;background_background&quot;:&quot;classic&quot;}\">\n\t\t\t\t<div class=\"elementor-element elementor-element-318455e elementor-widget elementor-widget-heading\" data-id=\"318455e\" data-element_type=\"widget\" data-e-type=\"widget\" data-widget_type=\"heading.default\">\n\t\t\t\t<div class=\"elementor-widget-container\">\n\t\t\t\t\t<h4 class=\"elementor-heading-title elementor-size-default\"><a href=\"https:\/\/zammi.com.br\/mi\/linha-terapia-intensiva\/kit-de-monitorizacao-de-pressao-kmp\/\">Kit de Monitoriza\u00e7\u00e3o de Press\u00e3o Invasiva - KMP<\/a><\/h4>\t\t\t\t<\/div>\n\t\t\t\t<\/div>\n\t\t\t\t<\/div>\n\t\t\t\t<\/div>\n\t\t\t\t\t<\/div>\n\t\t\t\t<\/div>\n\t\t\t\t<\/div>\n\t\t","protected":false},"excerpt":{"rendered":"<p>Linha Terapia Intensiva HOME \/ PRODUTOS \/ LINHA TERAPIA INTENSIVA Bolsa Press\u00f3rica Premere Premere Smart Kit de Monitoriza\u00e7\u00e3o de Press\u00e3o Invasiva &#8211; KMP<\/p>\n","protected":false},"author":1,"featured_media":0,"parent":0,"menu_order":0,"comment_status":"closed","ping_status":"closed","template":"elementor_header_footer","meta":{"_acf_changed":false,"footnotes":""},"class_list":["post-19248","page","type-page","status-publish","hentry"],"acf":[],"aioseo_notices":[],"_links":{"self":[{"href":"https:\/\/zammi.com.br\/mi\/wp-json\/wp\/v2\/pages\/19248","targetHints":{"allow":["GET"]}}],"collection":[{"href":"https:\/\/zammi.com.br\/mi\/wp-json\/wp\/v2\/pages"}],"about":[{"href":"https:\/\/zammi.com.br\/mi\/wp-json\/wp\/v2\/types\/page"}],"author":[{"embeddable":true,"href":"https:\/\/zammi.com.br\/mi\/wp-json\/wp\/v2\/users\/1"}],"replies":[{"embeddable":true,"href":"https:\/\/zammi.com.br\/mi\/wp-json\/wp\/v2\/comments?post=19248"}],"version-history":[{"count":55,"href":"https:\/\/zammi.com.br\/mi\/wp-json\/wp\/v2\/pages\/19248\/revisions"}],"predecessor-version":[{"id":21984,"href":"https:\/\/zammi.com.br\/mi\/wp-json\/wp\/v2\/pages\/19248\/revisions\/21984"}],"wp:attachment":[{"href":"https:\/\/zammi.com.br\/mi\/wp-json\/wp\/v2\/media?parent=19248"}],"curies":[{"name":"wp","href":"https:\/\/api.w.org\/{rel}","templated":true}]}}