{"id":19258,"date":"2025-02-24T10:04:39","date_gmt":"2025-02-24T13:04:39","guid":{"rendered":"https:\/\/zammi.com.br\/mi\/?page_id=19258"},"modified":"2026-02-11T07:03:27","modified_gmt":"2026-02-11T10:03:27","slug":"bolsa-pressorica-premere","status":"publish","type":"page","link":"https:\/\/zammi.com.br\/mi\/linha-terapia-intensiva\/bolsa-pressorica-premere\/","title":{"rendered":"Bolsa Press\u00f3rica Premere"},"content":{"rendered":"\t\t<div data-elementor-type=\"wp-page\" data-elementor-id=\"19258\" class=\"elementor elementor-19258\">\n\t\t\t\t<div class=\"elementor-element elementor-element-11c65f9f e-flex e-con-boxed e-con e-parent\" data-id=\"11c65f9f\" data-element_type=\"container\" data-e-type=\"container\" data-settings=\"{&quot;background_background&quot;:&quot;classic&quot;}\">\n\t\t\t\t\t<div class=\"e-con-inner\">\n\t\t<div class=\"elementor-element elementor-element-37e7f1a e-con-full e-flex e-con e-child\" data-id=\"37e7f1a\" data-element_type=\"container\" data-e-type=\"container\" data-settings=\"{&quot;background_background&quot;:&quot;classic&quot;}\">\n\t\t\t\t<div class=\"elementor-element elementor-element-5b0b9b33 elementor-widget elementor-widget-heading\" data-id=\"5b0b9b33\" data-element_type=\"widget\" data-e-type=\"widget\" data-widget_type=\"heading.default\">\n\t\t\t\t<div class=\"elementor-widget-container\">\n\t\t\t\t\t<h2 class=\"elementor-heading-title elementor-size-default\">Bolsa Press\u00f3rica Premere<\/h2>\t\t\t\t<\/div>\n\t\t\t\t<\/div>\n\t\t\t\t<\/div>\n\t\t\t\t<div class=\"elementor-element elementor-element-1eadb44a elementor-widget-mobile__width-initial elementor-widget elementor-widget-text-editor\" data-id=\"1eadb44a\" data-element_type=\"widget\" data-e-type=\"widget\" data-widget_type=\"text-editor.default\">\n\t\t\t\t<div class=\"elementor-widget-container\">\n\t\t\t\t\t\t\t\t\t<p><strong><span style=\"color: #ffffff;\"><a style=\"color: #ffffff;\" href=\"https:\/\/zammi.com.br\/mi\/\">HOME<\/a> \/ <span style=\"color: #d14041;\"><span style=\"color: #d14041;\"><span style=\"color: #ffffff;\"><a style=\"color: #ffffff;\" href=\"https:\/\/zammi.com.br\/mi\/#produtos\">PRODUTOS<\/a> \/ <a style=\"color: #ffffff;\" title=\"Linha Terapia Intensiva\" href=\"https:\/\/zammi.com.br\/mi\/linha-terapia-intensiva\/\">LINHA TERAPIA INTENSIVA<\/a> \/ <\/span><a style=\"color: #d14041;\" title=\"Bolsa Press\u00f3rica Premere\" href=\"https:\/\/zammi.com.br\/mi\/linha-terapia-intensiva\/bolsa-pressorica-premere\/\">BOLSA PRESS\u00d3RICA PREMERE<\/a><\/span><\/span><\/span><\/strong><\/p>\t\t\t\t\t\t\t\t<\/div>\n\t\t\t\t<\/div>\n\t\t\t\t\t<\/div>\n\t\t\t\t<\/div>\n\t\t\t\t<div class=\"elementor-section elementor-top-section elementor-element elementor-element-76500bbb elementor-section-stretched elementor-section-boxed elementor-section-height-default elementor-section-height-default\" data-id=\"76500bbb\" data-element_type=\"section\" data-e-type=\"section\" data-settings=\"{&quot;stretch_section&quot;:&quot;section-stretched&quot;}\">\n\t\t\t\t\t\t<div class=\"elementor-container elementor-column-gap-default\">\n\t\t\t\t\t<div class=\"elementor-column elementor-col-66 elementor-top-column elementor-element elementor-element-123e8f67\" data-id=\"123e8f67\" data-element_type=\"column\" data-e-type=\"column\">\n\t\t\t<div class=\"elementor-widget-wrap elementor-element-populated\">\n\t\t\t\t\t\t<div class=\"elementor-element elementor-element-1860ddd elementor-widget__width-initial elementor-widget elementor-widget-image\" data-id=\"1860ddd\" data-element_type=\"widget\" data-e-type=\"widget\" data-widget_type=\"image.default\">\n\t\t\t\t<div class=\"elementor-widget-container\">\n\t\t\t\t\t\t\t\t\t\t\t\t\t\t\t<img fetchpriority=\"high\" decoding=\"async\" width=\"1000\" height=\"2083\" src=\"https:\/\/zammi.com.br\/mi\/wp-content\/uploads\/2025\/02\/premere.webp\" class=\"attachment-full size-full wp-image-19261\" alt=\"Bolsa Press\u00f3rica Premere\" srcset=\"https:\/\/zammi.com.br\/mi\/wp-content\/uploads\/2025\/02\/premere.webp 1000w, https:\/\/zammi.com.br\/mi\/wp-content\/uploads\/2025\/02\/premere-144x300.webp 144w, https:\/\/zammi.com.br\/mi\/wp-content\/uploads\/2025\/02\/premere-492x1024.webp 492w, https:\/\/zammi.com.br\/mi\/wp-content\/uploads\/2025\/02\/premere-768x1600.webp 768w, https:\/\/zammi.com.br\/mi\/wp-content\/uploads\/2025\/02\/premere-737x1536.webp 737w, https:\/\/zammi.com.br\/mi\/wp-content\/uploads\/2025\/02\/premere-983x2048.webp 983w\" sizes=\"(max-width: 1000px) 100vw, 1000px\" \/>\t\t\t\t\t\t\t\t\t\t\t\t\t\t\t<\/div>\n\t\t\t\t<\/div>\n\t\t\t\t<div class=\"elementor-element elementor-element-6656890 elementor-widget elementor-widget-heading\" data-id=\"6656890\" data-element_type=\"widget\" data-e-type=\"widget\" data-widget_type=\"heading.default\">\n\t\t\t\t<div class=\"elementor-widget-container\">\n\t\t\t\t\t<h4 class=\"elementor-heading-title elementor-size-default\">Descri\u00e7\u00e3o<\/h4>\t\t\t\t<\/div>\n\t\t\t\t<\/div>\n\t\t\t\t<div class=\"elementor-section elementor-inner-section elementor-element elementor-element-6d99e061 elementor-section-boxed elementor-section-height-default elementor-section-height-default\" data-id=\"6d99e061\" data-element_type=\"section\" data-e-type=\"section\">\n\t\t\t\t\t\t<div class=\"elementor-container elementor-column-gap-default\">\n\t\t\t\t\t<div class=\"elementor-column elementor-col-100 elementor-inner-column elementor-element elementor-element-6eac879e\" data-id=\"6eac879e\" data-element_type=\"column\" data-e-type=\"column\">\n\t\t\t<div class=\"elementor-widget-wrap elementor-element-populated\">\n\t\t\t\t\t\t<div class=\"elementor-element elementor-element-61ec78f elementor-widget elementor-widget-text-editor\" data-id=\"61ec78f\" data-element_type=\"widget\" data-e-type=\"widget\" data-widget_type=\"text-editor.default\">\n\t\t\t\t<div class=\"elementor-widget-container\">\n\t\t\t\t\t\t\t\t\t<ul><li>Filme pl\u00e1stico externo mais resistente e filme interno mais fino, permitem uma insufla\u00e7\u00e3o mais r\u00e1pida e consistente. A bolsa envolve o frasco de soro em 360\u00ba que permite uma pressuriza\u00e7\u00e3o mais homog\u00eanea.<\/li><li>Man\u00f4metro cromado com 60mm de di\u00e2metro e escala personalizada de f\u00e1cil visualiza\u00e7\u00e3o.<\/li><li>Fechos em velcro, posicionados para n\u00e3o obstruir a visualiza\u00e7\u00e3o do r\u00f3tulo, facilitam a instala\u00e7\u00e3o do frasco de soro na bolsa.<\/li><li>Bulbo de insufla\u00e7\u00e3o grande e tubo calibroso, para insufla\u00e7\u00e3o e esvaziamento mais r\u00e1pidos.<\/li><li>Dur\u00e1vel e f\u00e1cil higieniza\u00e7\u00e3o.<\/li><li>Dispon\u00edvel em 500ml e 1000ml.<\/li><\/ul>\t\t\t\t\t\t\t\t<\/div>\n\t\t\t\t<\/div>\n\t\t\t\t\t<\/div>\n\t\t<\/div>\n\t\t\t\t\t<\/div>\n\t\t<\/div>\n\t\t\t\t<div class=\"elementor-element elementor-element-5b002958 elementor-widget elementor-widget-heading\" data-id=\"5b002958\" data-element_type=\"widget\" data-e-type=\"widget\" data-widget_type=\"heading.default\">\n\t\t\t\t<div class=\"elementor-widget-container\">\n\t\t\t\t\t<h4 class=\"elementor-heading-title elementor-size-default\">Indica\u00e7\u00e3o<\/h4>\t\t\t\t<\/div>\n\t\t\t\t<\/div>\n\t\t\t\t<div class=\"elementor-element elementor-element-565d16ee elementor-widget elementor-widget-text-editor\" data-id=\"565d16ee\" data-element_type=\"widget\" data-e-type=\"widget\" data-widget_type=\"text-editor.default\">\n\t\t\t\t<div class=\"elementor-widget-container\">\n\t\t\t\t\t\t\t\t\t<ul><li>Indicado para manter a pressuriza\u00e7\u00e3o da linha de infus\u00e3o.Bolsa de di\u00e2metro ajust\u00e1vel para a pressuriza\u00e7\u00e3o de frascos flex\u00edveis ou bolsas de solu\u00e7\u00e3o salina.<\/li><\/ul>\t\t\t\t\t\t\t\t<\/div>\n\t\t\t\t<\/div>\n\t\t\t\t<div class=\"elementor-element elementor-element-0632f82 elementor-align-justify elementor-widget__width-inherit elementor-widget elementor-widget-button\" data-id=\"0632f82\" data-element_type=\"widget\" data-e-type=\"widget\" data-widget_type=\"button.default\">\n\t\t\t\t<div class=\"elementor-widget-container\">\n\t\t\t\t\t\t\t\t\t<div class=\"elementor-button-wrapper\">\n\t\t\t\t\t<a class=\"elementor-button elementor-button-link elementor-size-sm\" href=\"https:\/\/consultas.anvisa.gov.br\/#\/saude\/\">\n\t\t\t\t\t\t<span class=\"elementor-button-content-wrapper\">\n\t\t\t\t\t\t\t\t\t<span class=\"elementor-button-text\">Instru\u00e7\u00e3o de Uso<\/span>\n\t\t\t\t\t<\/span>\n\t\t\t\t\t<\/a>\n\t\t\t\t<\/div>\n\t\t\t\t\t\t\t\t<\/div>\n\t\t\t\t<\/div>\n\t\t\t\t<div class=\"elementor-element elementor-element-45b7706 elementor-align-justify elementor-widget__width-inherit elementor-widget elementor-widget-button\" data-id=\"45b7706\" data-element_type=\"widget\" data-e-type=\"widget\" data-widget_type=\"button.default\">\n\t\t\t\t<div class=\"elementor-widget-container\">\n\t\t\t\t\t\t\t\t\t<div class=\"elementor-button-wrapper\">\n\t\t\t\t\t<a class=\"elementor-button elementor-button-link elementor-size-sm\" href=\"https:\/\/zammi.com.br\/mi\/wp-content\/uploads\/2025\/10\/Bolsa-Pressorica-Premere-folder.webp\">\n\t\t\t\t\t\t<span class=\"elementor-button-content-wrapper\">\n\t\t\t\t\t\t<span class=\"elementor-button-icon\">\n\t\t\t\t<svg aria-hidden=\"true\" class=\"e-font-icon-svg e-fas-download\" viewBox=\"0 0 512 512\" xmlns=\"http:\/\/www.w3.org\/2000\/svg\"><path d=\"M216 0h80c13.3 0 24 10.7 24 24v168h87.7c17.8 0 26.7 21.5 14.1 34.1L269.7 378.3c-7.5 7.5-19.8 7.5-27.3 0L90.1 226.1c-12.6-12.6-3.7-34.1 14.1-34.1H192V24c0-13.3 10.7-24 24-24zm296 376v112c0 13.3-10.7 24-24 24H24c-13.3 0-24-10.7-24-24V376c0-13.3 10.7-24 24-24h146.7l49 49c20.1 20.1 52.5 20.1 72.6 0l49-49H488c13.3 0 24 10.7 24 24zm-124 88c0-11-9-20-20-20s-20 9-20 20 9 20 20 20 20-9 20-20zm64 0c0-11-9-20-20-20s-20 9-20 20 9 20 20 20 20-9 20-20z\"><\/path><\/svg>\t\t\t<\/span>\n\t\t\t\t\t\t\t\t\t<span class=\"elementor-button-text\">Ficha T\u00e9cnica (PT) <\/span>\n\t\t\t\t\t<\/span>\n\t\t\t\t\t<\/a>\n\t\t\t\t<\/div>\n\t\t\t\t\t\t\t\t<\/div>\n\t\t\t\t<\/div>\n\t\t\t\t<div class=\"elementor-element elementor-element-695e3db elementor-align-justify elementor-widget__width-inherit elementor-widget elementor-widget-button\" data-id=\"695e3db\" data-element_type=\"widget\" data-e-type=\"widget\" data-widget_type=\"button.default\">\n\t\t\t\t<div class=\"elementor-widget-container\">\n\t\t\t\t\t\t\t\t\t<div class=\"elementor-button-wrapper\">\n\t\t\t\t\t<a class=\"elementor-button elementor-button-link elementor-size-sm\" href=\"https:\/\/zammi.com.br\/mi\/wp-content\/uploads\/2026\/02\/Ficha-Tecnica-Premere-EN.pdf\">\n\t\t\t\t\t\t<span class=\"elementor-button-content-wrapper\">\n\t\t\t\t\t\t<span class=\"elementor-button-icon\">\n\t\t\t\t<svg aria-hidden=\"true\" class=\"e-font-icon-svg e-fas-download\" viewBox=\"0 0 512 512\" xmlns=\"http:\/\/www.w3.org\/2000\/svg\"><path d=\"M216 0h80c13.3 0 24 10.7 24 24v168h87.7c17.8 0 26.7 21.5 14.1 34.1L269.7 378.3c-7.5 7.5-19.8 7.5-27.3 0L90.1 226.1c-12.6-12.6-3.7-34.1 14.1-34.1H192V24c0-13.3 10.7-24 24-24zm296 376v112c0 13.3-10.7 24-24 24H24c-13.3 0-24-10.7-24-24V376c0-13.3 10.7-24 24-24h146.7l49 49c20.1 20.1 52.5 20.1 72.6 0l49-49H488c13.3 0 24 10.7 24 24zm-124 88c0-11-9-20-20-20s-20 9-20 20 9 20 20 20 20-9 20-20zm64 0c0-11-9-20-20-20s-20 9-20 20 9 20 20 20 20-9 20-20z\"><\/path><\/svg>\t\t\t<\/span>\n\t\t\t\t\t\t\t\t\t<span class=\"elementor-button-text\">Ficha T\u00e9cnica (EN) <\/span>\n\t\t\t\t\t<\/span>\n\t\t\t\t\t<\/a>\n\t\t\t\t<\/div>\n\t\t\t\t\t\t\t\t<\/div>\n\t\t\t\t<\/div>\n\t\t<div class=\"elementor-element elementor-element-cd439d8 e-flex e-con-boxed e-con e-parent\" data-id=\"cd439d8\" data-element_type=\"container\" data-e-type=\"container\" data-settings=\"{&quot;background_background&quot;:&quot;classic&quot;}\">\n\t\t\t\t\t<div class=\"e-con-inner\">\n\t\t\t\t<div class=\"elementor-element elementor-element-27b908f elementor-widget elementor-widget-heading\" data-id=\"27b908f\" data-element_type=\"widget\" data-e-type=\"widget\" data-widget_type=\"heading.default\">\n\t\t\t\t<div class=\"elementor-widget-container\">\n\t\t\t\t\t<h3 class=\"elementor-heading-title elementor-size-default\">Entre em contato<\/h3>\t\t\t\t<\/div>\n\t\t\t\t<\/div>\n\t\t\t\t<div class=\"elementor-element elementor-element-16af6b8 elementor-widget elementor-widget-text-editor\" data-id=\"16af6b8\" data-element_type=\"widget\" data-e-type=\"widget\" data-widget_type=\"text-editor.default\">\n\t\t\t\t<div class=\"elementor-widget-container\">\n\t\t\t\t\t\t\t\t\t<p><span style=\"color: #ffffff;\">Nossa equipe est\u00e1 pronta para responder \u00e0s suas perguntas e garantir um \u00f3timo atendimento.<\/span><\/p>\t\t\t\t\t\t\t\t<\/div>\n\t\t\t\t<\/div>\n\t\t<div class=\"elementor-element elementor-element-64e0bf4 e-con-full e-grid e-con e-child\" data-id=\"64e0bf4\" data-element_type=\"container\" data-e-type=\"container\">\n\t\t\t\t<div class=\"elementor-element elementor-element-11883bd elementor-align-left elementor-widget__width-inherit elementor-widget elementor-widget-button\" data-id=\"11883bd\" data-element_type=\"widget\" data-e-type=\"widget\" data-widget_type=\"button.default\">\n\t\t\t\t<div class=\"elementor-widget-container\">\n\t\t\t\t\t\t\t\t\t<div class=\"elementor-button-wrapper\">\n\t\t\t\t\t<a class=\"elementor-button elementor-button-link elementor-size-sm\" href=\"https:\/\/zammi.com.br\/mi\/contato\/departamento-comercial\/\">\n\t\t\t\t\t\t<span class=\"elementor-button-content-wrapper\">\n\t\t\t\t\t\t\t\t\t<span class=\"elementor-button-text\">Como podemos te ajudar<\/span>\n\t\t\t\t\t<\/span>\n\t\t\t\t\t<\/a>\n\t\t\t\t<\/div>\n\t\t\t\t\t\t\t\t<\/div>\n\t\t\t\t<\/div>\n\t\t\t\t<\/div>\n\t\t\t\t\t<\/div>\n\t\t\t\t<\/div>\n\t\t\t\t\t<\/div>\n\t\t<\/div>\n\t\t\t\t<div class=\"elementor-column elementor-col-33 elementor-top-column elementor-element elementor-element-5dbc45fd\" data-id=\"5dbc45fd\" data-element_type=\"column\" data-e-type=\"column\" data-settings=\"{&quot;background_background&quot;:&quot;classic&quot;}\">\n\t\t\t<div class=\"elementor-widget-wrap elementor-element-populated\">\n\t\t\t\t\t\t<div class=\"elementor-element elementor-element-785b4e7 elementor-widget elementor-widget-sidebar\" data-id=\"785b4e7\" data-element_type=\"widget\" data-e-type=\"widget\" data-widget_type=\"sidebar.default\">\n\t\t\t\t<div class=\"elementor-widget-container\">\n\t\t\t\t\t<div class=\"widget widget-port\"><div class=\"menu-service-menu-container\"><ul id=\"menu-service-menu\" class=\"menu\"><li id=\"menu-item-19278\" class=\"menu-item menu-item-type-post_type menu-item-object-page menu-item-has-children dropdown menu-item-19278\"><a href=\"https:\/\/zammi.com.br\/mi\/linha-hospitalar\/\">Linha Hospitalar<\/a>\n<ul class=\"sub-menu\">\n\t<li id=\"menu-item-18950\" class=\"menu-item menu-item-type-post_type menu-item-object-page menu-item-18950\"><a href=\"https:\/\/zammi.com.br\/mi\/linha-hospitalar\/avazamm\/\">Avazamm<\/a><\/li>\n\t<li id=\"menu-item-18968\" class=\"menu-item menu-item-type-post_type menu-item-object-page menu-item-18968\"><a href=\"https:\/\/zammi.com.br\/mi\/linha-hospitalar\/broncozamm\/\">Broncozamm<\/a><\/li>\n\t<li id=\"menu-item-18990\" class=\"menu-item menu-item-type-post_type menu-item-object-page menu-item-18990\"><a href=\"https:\/\/zammi.com.br\/mi\/linha-hospitalar\/drenosuczamm\/\">Drenosuczamm<\/a><\/li>\n\t<li id=\"menu-item-19004\" class=\"menu-item menu-item-type-post_type menu-item-object-page menu-item-19004\"><a href=\"https:\/\/zammi.com.br\/mi\/linha-hospitalar\/multizamm-max\/\">Multizamm Max<\/a><\/li>\n\t<li id=\"menu-item-19033\" class=\"menu-item menu-item-type-post_type menu-item-object-page menu-item-19033\"><a href=\"https:\/\/zammi.com.br\/mi\/linha-hospitalar\/sterzamm\/\">Sterzamm<\/a><\/li>\n\t<li id=\"menu-item-19049\" class=\"menu-item menu-item-type-post_type menu-item-object-page menu-item-19049\"><a href=\"https:\/\/zammi.com.br\/mi\/linha-hospitalar\/zammivac\/\">Zammivac<\/a><\/li>\n\t<li id=\"menu-item-19061\" class=\"menu-item menu-item-type-post_type menu-item-object-page menu-item-19061\"><a href=\"https:\/\/zammi.com.br\/mi\/linha-hospitalar\/drenozamm\/\">Drenozamm<\/a><\/li>\n\t<li id=\"menu-item-19071\" class=\"menu-item menu-item-type-post_type menu-item-object-page menu-item-19071\"><a href=\"https:\/\/zammi.com.br\/mi\/linha-hospitalar\/pleurozamm\/\">Pleurozamm<\/a><\/li>\n\t<li id=\"menu-item-19086\" class=\"menu-item menu-item-type-post_type menu-item-object-page menu-item-19086\"><a href=\"https:\/\/zammi.com.br\/mi\/linha-hospitalar\/torozamm\/\">Torozamm<\/a><\/li>\n\t<li id=\"menu-item-19095\" class=\"menu-item menu-item-type-post_type menu-item-object-page menu-item-19095\"><a href=\"https:\/\/zammi.com.br\/mi\/linha-hospitalar\/artrozamm\/\">Artrozamm<\/a><\/li>\n\t<li id=\"menu-item-19105\" class=\"menu-item menu-item-type-post_type menu-item-object-page menu-item-19105\"><a href=\"https:\/\/zammi.com.br\/mi\/linha-hospitalar\/irrigazamm-duo\/\">Irrigazamm Duo<\/a><\/li>\n\t<li id=\"menu-item-19115\" class=\"menu-item menu-item-type-post_type menu-item-object-page menu-item-19115\"><a href=\"https:\/\/zammi.com.br\/mi\/linha-hospitalar\/perfuzamm-2-vias\/\">Perfuzamm 2 Vias<\/a><\/li>\n\t<li id=\"menu-item-19125\" class=\"menu-item menu-item-type-post_type menu-item-object-page menu-item-19125\"><a href=\"https:\/\/zammi.com.br\/mi\/linha-hospitalar\/irrigazamm-c\/\">Irrigazamm C<\/a><\/li>\n\t<li id=\"menu-item-19135\" class=\"menu-item menu-item-type-post_type menu-item-object-page menu-item-19135\"><a href=\"https:\/\/zammi.com.br\/mi\/linha-hospitalar\/extensao-para-centro-cirurgico\/\">Extens\u00e3o para centro cir\u00fargico<\/a><\/li>\n\t<li id=\"menu-item-19145\" class=\"menu-item menu-item-type-post_type menu-item-object-page menu-item-19145\"><a href=\"https:\/\/zammi.com.br\/mi\/linha-hospitalar\/extensao-para-videolaparoscopia\/\">Extens\u00e3o para videolaparoscopia<\/a><\/li>\n\t<li id=\"menu-item-19155\" class=\"menu-item menu-item-type-post_type menu-item-object-page menu-item-19155\"><a href=\"https:\/\/zammi.com.br\/mi\/linha-hospitalar\/oxizamm\/\">Oxizamm<\/a><\/li>\n\t<li id=\"menu-item-19165\" class=\"menu-item menu-item-type-post_type menu-item-object-page menu-item-19165\"><a href=\"https:\/\/zammi.com.br\/mi\/linha-hospitalar\/urozamm-star\/\">Urozamm Star<\/a><\/li>\n\t<li id=\"menu-item-19175\" class=\"menu-item menu-item-type-post_type menu-item-object-page menu-item-19175\"><a href=\"https:\/\/zammi.com.br\/mi\/linha-hospitalar\/urozamm-top\/\">Urozamm Top<\/a><\/li>\n\t<li id=\"menu-item-19185\" class=\"menu-item menu-item-type-post_type menu-item-object-page menu-item-19185\"><a href=\"https:\/\/zammi.com.br\/mi\/linha-hospitalar\/urozamm-diurese-horaria\/\">Urozamm Diurese Hor\u00e1ria<\/a><\/li>\n\t<li id=\"menu-item-20845\" class=\"menu-item menu-item-type-post_type menu-item-object-page menu-item-20845\"><a href=\"https:\/\/zammi.com.br\/mi\/linha-hospitalar\/urozamm-500-advanced\/\">Urozamm 500 Advanced<\/a><\/li>\n\t<li id=\"menu-item-19193\" class=\"menu-item menu-item-type-post_type menu-item-object-page menu-item-19193\"><a href=\"https:\/\/zammi.com.br\/mi\/linha-hospitalar\/caneta-para-marcacao-cirurgica\/\">Caneta para marca\u00e7\u00e3o cir\u00fargica<\/a><\/li>\n<\/ul>\n<\/li>\n<li id=\"menu-item-19279\" class=\"menu-item menu-item-type-post_type menu-item-object-page menu-item-has-children dropdown menu-item-19279\"><a href=\"https:\/\/zammi.com.br\/mi\/linha-terapia-intensiva\/\">Linha Terapia Intensiva<\/a>\n<ul class=\"sub-menu\">\n\t<li id=\"menu-item-19277\" class=\"menu-item menu-item-type-post_type menu-item-object-page menu-item-19277\"><a href=\"https:\/\/zammi.com.br\/mi\/linha-terapia-intensiva\/bolsa-pressorica-premere\/\">Bolsa Press\u00f3rica Premere<\/a><\/li>\n\t<li id=\"menu-item-19368\" class=\"menu-item menu-item-type-post_type menu-item-object-page menu-item-19368\"><a href=\"https:\/\/zammi.com.br\/mi\/linha-terapia-intensiva\/kit-de-monitorizacao-de-pressao-kmp\/\">Kit de Monitoriza\u00e7\u00e3o de Press\u00e3o \u2013 KMP<\/a><\/li>\n\t<li id=\"menu-item-19369\" class=\"menu-item menu-item-type-post_type menu-item-object-page menu-item-19369\"><a href=\"https:\/\/zammi.com.br\/mi\/linha-terapia-intensiva\/premere-smart-2\/\">Premere Smart<\/a><\/li>\n<\/ul>\n<\/li>\n<li id=\"menu-item-19370\" class=\"menu-item menu-item-type-post_type menu-item-object-page menu-item-has-children dropdown menu-item-19370\"><a href=\"https:\/\/zammi.com.br\/mi\/linha-cardiaca\/\">Linha Card\u00edaca<\/a>\n<ul class=\"sub-menu\">\n\t<li id=\"menu-item-20650\" class=\"menu-item menu-item-type-post_type menu-item-object-page menu-item-20650\"><a href=\"https:\/\/zammi.com.br\/mi\/linha-cardiaca\/safe-cec-2\/\">Safe CEC<\/a><\/li>\n<\/ul>\n<\/li>\n<li id=\"menu-item-20651\" class=\"menu-item menu-item-type-post_type menu-item-object-page menu-item-20651\"><a href=\"https:\/\/zammi.com.br\/mi\/linha-toracica\/\">Linha Tor\u00e1cica<\/a><\/li>\n<\/ul><\/div><\/div>\t\t\t\t<\/div>\n\t\t\t\t<\/div>\n\t\t\t\t\t<\/div>\n\t\t<\/div>\n\t\t\t\t\t<\/div>\n\t\t<\/div>\n\t\t\t\t<\/div>\n\t\t","protected":false},"excerpt":{"rendered":"<p>Bolsa Press\u00f3rica Premere HOME \/ PRODUTOS \/ LINHA TERAPIA INTENSIVA \/ BOLSA PRESS\u00d3RICA PREMERE Descri\u00e7\u00e3o Filme pl\u00e1stico externo mais resistente e filme interno mais fino, permitem uma insufla\u00e7\u00e3o mais r\u00e1pida e consistente. A bolsa envolve o frasco de soro em 360\u00ba que permite uma pressuriza\u00e7\u00e3o mais homog\u00eanea. Man\u00f4metro cromado com 60mm de di\u00e2metro e escala [&hellip;]<\/p>\n","protected":false},"author":1,"featured_media":0,"parent":19248,"menu_order":0,"comment_status":"closed","ping_status":"closed","template":"elementor_header_footer","meta":{"_acf_changed":false,"footnotes":""},"class_list":["post-19258","page","type-page","status-publish","hentry"],"acf":[],"aioseo_notices":[],"_links":{"self":[{"href":"https:\/\/zammi.com.br\/mi\/wp-json\/wp\/v2\/pages\/19258","targetHints":{"allow":["GET"]}}],"collection":[{"href":"https:\/\/zammi.com.br\/mi\/wp-json\/wp\/v2\/pages"}],"about":[{"href":"https:\/\/zammi.com.br\/mi\/wp-json\/wp\/v2\/types\/page"}],"author":[{"embeddable":true,"href":"https:\/\/zammi.com.br\/mi\/wp-json\/wp\/v2\/users\/1"}],"replies":[{"embeddable":true,"href":"https:\/\/zammi.com.br\/mi\/wp-json\/wp\/v2\/comments?post=19258"}],"version-history":[{"count":52,"href":"https:\/\/zammi.com.br\/mi\/wp-json\/wp\/v2\/pages\/19258\/revisions"}],"predecessor-version":[{"id":21994,"href":"https:\/\/zammi.com.br\/mi\/wp-json\/wp\/v2\/pages\/19258\/revisions\/21994"}],"up":[{"embeddable":true,"href":"https:\/\/zammi.com.br\/mi\/wp-json\/wp\/v2\/pages\/19248"}],"wp:attachment":[{"href":"https:\/\/zammi.com.br\/mi\/wp-json\/wp\/v2\/media?parent=19258"}],"curies":[{"name":"wp","href":"https:\/\/api.w.org\/{rel}","templated":true}]}}