{"id":20465,"date":"2025-03-10T15:35:16","date_gmt":"2025-03-10T18:35:16","guid":{"rendered":"https:\/\/zammi.com.br\/mi\/?page_id=20465"},"modified":"2025-11-17T15:54:15","modified_gmt":"2025-11-17T18:54:15","slug":"safe-cec-2","status":"publish","type":"page","link":"https:\/\/zammi.com.br\/mi\/linha-cardiaca\/safe-cec-2\/","title":{"rendered":"Safe CEC"},"content":{"rendered":"\t\t<div data-elementor-type=\"wp-page\" data-elementor-id=\"20465\" class=\"elementor elementor-20465\">\n\t\t\t\t<div class=\"elementor-element elementor-element-8ff1408 e-flex e-con-boxed e-con e-parent\" data-id=\"8ff1408\" data-element_type=\"container\" data-e-type=\"container\" data-settings=\"{&quot;background_background&quot;:&quot;classic&quot;}\">\n\t\t\t\t\t<div class=\"e-con-inner\">\n\t\t<div class=\"elementor-element elementor-element-e127f56 e-con-full e-flex e-con e-child\" data-id=\"e127f56\" data-element_type=\"container\" data-e-type=\"container\" data-settings=\"{&quot;background_background&quot;:&quot;classic&quot;}\">\n\t\t\t\t<div class=\"elementor-element elementor-element-0cbe2c9 elementor-widget elementor-widget-heading\" data-id=\"0cbe2c9\" data-element_type=\"widget\" data-e-type=\"widget\" data-widget_type=\"heading.default\">\n\t\t\t\t<div class=\"elementor-widget-container\">\n\t\t\t\t\t<h2 class=\"elementor-heading-title elementor-size-default\">Safe CEC<\/h2>\t\t\t\t<\/div>\n\t\t\t\t<\/div>\n\t\t\t\t<\/div>\n\t\t\t\t<div class=\"elementor-element elementor-element-5abb0f8 elementor-widget-mobile__width-initial elementor-widget elementor-widget-text-editor\" data-id=\"5abb0f8\" data-element_type=\"widget\" data-e-type=\"widget\" data-widget_type=\"text-editor.default\">\n\t\t\t\t<div class=\"elementor-widget-container\">\n\t\t\t\t\t\t\t\t\t<p><strong><span style=\"color: #ffffff;\"><a style=\"color: #ffffff;\" title=\"Home\" href=\"https:\/\/zammi.com.br\/mi\/\">HOME<\/a> \/ <span style=\"color: #d14041;\"><span style=\"color: #d14041;\"><span style=\"color: #ffffff;\"><a style=\"color: #ffffff;\" href=\"https:\/\/zammi.com.br\/mi\/#produtos\">PRODUTOS<\/a> \/ <a title=\"Linha Card\u00edaca\" href=\"https:\/\/zammi.com.br\/mi\/linha-cardiaca\"><span style=\"color: #ffffff;\">LINHA CARD\u00cdACA<\/span><\/a> \/<\/span> <a title=\"Safe CEC\" href=\"https:\/\/zammi.com.br\/mi\/linha-cardiaca\/safe-cec-2\/\"><span style=\"color: #d14041;\">SAFE CEC<\/span><\/a><\/span><\/span><\/span><\/strong><\/p>\t\t\t\t\t\t\t\t<\/div>\n\t\t\t\t<\/div>\n\t\t\t\t\t<\/div>\n\t\t\t\t<\/div>\n\t\t\t\t<div class=\"elementor-section elementor-top-section elementor-element elementor-element-8e2834b elementor-section-stretched elementor-section-boxed elementor-section-height-default elementor-section-height-default\" data-id=\"8e2834b\" data-element_type=\"section\" data-e-type=\"section\" data-settings=\"{&quot;stretch_section&quot;:&quot;section-stretched&quot;}\">\n\t\t\t\t\t\t<div class=\"elementor-container elementor-column-gap-default\">\n\t\t\t\t\t<div class=\"elementor-column elementor-col-66 elementor-top-column elementor-element elementor-element-c88db57\" data-id=\"c88db57\" data-element_type=\"column\" data-e-type=\"column\">\n\t\t\t<div class=\"elementor-widget-wrap elementor-element-populated\">\n\t\t\t\t\t\t<div class=\"elementor-element elementor-element-cfcff63 elementor-widget elementor-widget-image\" data-id=\"cfcff63\" data-element_type=\"widget\" data-e-type=\"widget\" data-widget_type=\"image.default\">\n\t\t\t\t<div class=\"elementor-widget-container\">\n\t\t\t\t\t\t\t\t\t\t\t\t\t\t\t<img fetchpriority=\"high\" decoding=\"async\" width=\"525\" height=\"525\" src=\"https:\/\/zammi.com.br\/mi\/wp-content\/uploads\/2025\/03\/safe-cec.webp\" class=\"attachment-large size-large wp-image-20461\" alt=\"Safe CEC\" srcset=\"https:\/\/zammi.com.br\/mi\/wp-content\/uploads\/2025\/03\/safe-cec.webp 1000w, https:\/\/zammi.com.br\/mi\/wp-content\/uploads\/2025\/03\/safe-cec-300x300.webp 300w, https:\/\/zammi.com.br\/mi\/wp-content\/uploads\/2025\/03\/safe-cec-150x150.webp 150w, https:\/\/zammi.com.br\/mi\/wp-content\/uploads\/2025\/03\/safe-cec-768x768.webp 768w\" sizes=\"(max-width: 525px) 100vw, 525px\" \/>\t\t\t\t\t\t\t\t\t\t\t\t\t\t\t<\/div>\n\t\t\t\t<\/div>\n\t\t\t\t<div class=\"elementor-element elementor-element-7b697f2 elementor-widget elementor-widget-heading\" data-id=\"7b697f2\" data-element_type=\"widget\" data-e-type=\"widget\" data-widget_type=\"heading.default\">\n\t\t\t\t<div class=\"elementor-widget-container\">\n\t\t\t\t\t<h4 class=\"elementor-heading-title elementor-size-default\">Indica\u00e7\u00e3o<\/h4>\t\t\t\t<\/div>\n\t\t\t\t<\/div>\n\t\t\t\t<div class=\"elementor-element elementor-element-3320924 elementor-widget elementor-widget-text-editor\" data-id=\"3320924\" data-element_type=\"widget\" data-e-type=\"widget\" data-widget_type=\"text-editor.default\">\n\t\t\t\t<div class=\"elementor-widget-container\">\n\t\t\t\t\t\t\t\t\t<ul><li><p>V\u00e1lvula unidirecional para CEC, desenvolvida para eliminar a ocorr\u00eancia de refluxo na linha arterial, sem causar interfer\u00eancias ao fluxo e \u00e0 integridade do sangue<\/p><\/li><\/ul>\t\t\t\t\t\t\t\t<\/div>\n\t\t\t\t<\/div>\n\t\t\t\t<div class=\"elementor-element elementor-element-6a7e7db elementor-widget elementor-widget-heading\" data-id=\"6a7e7db\" data-element_type=\"widget\" data-e-type=\"widget\" data-widget_type=\"heading.default\">\n\t\t\t\t<div class=\"elementor-widget-container\">\n\t\t\t\t\t<h4 class=\"elementor-heading-title elementor-size-default\">Descri\u00e7\u00e3o<\/h4>\t\t\t\t<\/div>\n\t\t\t\t<\/div>\n\t\t\t\t<div class=\"elementor-section elementor-inner-section elementor-element elementor-element-06c7e02 elementor-section-boxed elementor-section-height-default elementor-section-height-default\" data-id=\"06c7e02\" data-element_type=\"section\" data-e-type=\"section\">\n\t\t\t\t\t\t<div class=\"elementor-container elementor-column-gap-default\">\n\t\t\t\t\t<div class=\"elementor-column elementor-col-100 elementor-inner-column elementor-element elementor-element-6f2b798\" data-id=\"6f2b798\" data-element_type=\"column\" data-e-type=\"column\">\n\t\t\t<div class=\"elementor-widget-wrap elementor-element-populated\">\n\t\t\t\t\t\t<div class=\"elementor-element elementor-element-30034a4 elementor-widget elementor-widget-text-editor\" data-id=\"30034a4\" data-element_type=\"widget\" data-e-type=\"widget\" data-widget_type=\"text-editor.default\">\n\t\t\t\t<div class=\"elementor-widget-container\">\n\t\t\t\t\t\t\t\t\t<p>\u00a0<\/p><ul><li>Produto est\u00e9ril, at\u00f3xico, biocompat\u00edvel e hemocompat\u00edvel;<\/li><li>Baixa resist\u00eanca ao fluxo sangu\u00edneo;<\/li><li>Garantia de refluxo zero;<\/li><li>Baixo \u00edndice de hem\u00f3lise;<\/li><li>Atende \u00e0 recomenda\u00e7\u00e3o da Guideline da SBCCV e da SBCEC.*<\/li><\/ul><p><em>*Conforme a Diretriz Brasileira para pr\u00e1tica de perfus\u00e3o da Sociedade Brasileira de Cirurgia Cardiovascular (SBCCV) e Sociedade Brasileira de Circula\u00e7\u00e3o Extracorp\u00f3rea (SBCEC)\u00a0 pede, \u00e9 necess\u00e1rio ter\u00a0 pelo menos um m\u00e9todo para evitar o fluxo retr\u00f3grado para circula\u00e7\u00e3o sist\u00eamica com bombas centr\u00edfugas, logo, o uso \u00e9 obrigat\u00f3rio.<\/em><\/p><p>\u00a0<\/p>\t\t\t\t\t\t\t\t<\/div>\n\t\t\t\t<\/div>\n\t\t\t\t\t<\/div>\n\t\t<\/div>\n\t\t\t\t\t<\/div>\n\t\t<\/div>\n\t\t\t\t<div class=\"elementor-element elementor-element-9dfc3f4 elementor-align-justify elementor-widget__width-inherit elementor-widget elementor-widget-button\" data-id=\"9dfc3f4\" data-element_type=\"widget\" data-e-type=\"widget\" data-widget_type=\"button.default\">\n\t\t\t\t<div class=\"elementor-widget-container\">\n\t\t\t\t\t\t\t\t\t<div class=\"elementor-button-wrapper\">\n\t\t\t\t\t<a class=\"elementor-button elementor-button-link elementor-size-sm\" href=\"https:\/\/consultas.anvisa.gov.br\/#\/saude\/\">\n\t\t\t\t\t\t<span class=\"elementor-button-content-wrapper\">\n\t\t\t\t\t\t\t\t\t<span class=\"elementor-button-text\">Instru\u00e7\u00e3o de Uso<\/span>\n\t\t\t\t\t<\/span>\n\t\t\t\t\t<\/a>\n\t\t\t\t<\/div>\n\t\t\t\t\t\t\t\t<\/div>\n\t\t\t\t<\/div>\n\t\t\t\t<div class=\"elementor-element elementor-element-48c6d01 elementor-align-justify elementor-widget__width-inherit elementor-widget elementor-widget-button\" data-id=\"48c6d01\" data-element_type=\"widget\" data-e-type=\"widget\" data-widget_type=\"button.default\">\n\t\t\t\t<div class=\"elementor-widget-container\">\n\t\t\t\t\t\t\t\t\t<div class=\"elementor-button-wrapper\">\n\t\t\t\t\t<a class=\"elementor-button elementor-button-link elementor-size-sm\" href=\"https:\/\/zammi.com.br\/mi\/wp-content\/uploads\/2025\/03\/safecec-pt.pdf\">\n\t\t\t\t\t\t<span class=\"elementor-button-content-wrapper\">\n\t\t\t\t\t\t<span class=\"elementor-button-icon\">\n\t\t\t\t<svg aria-hidden=\"true\" class=\"e-font-icon-svg e-fas-download\" viewBox=\"0 0 512 512\" xmlns=\"http:\/\/www.w3.org\/2000\/svg\"><path d=\"M216 0h80c13.3 0 24 10.7 24 24v168h87.7c17.8 0 26.7 21.5 14.1 34.1L269.7 378.3c-7.5 7.5-19.8 7.5-27.3 0L90.1 226.1c-12.6-12.6-3.7-34.1 14.1-34.1H192V24c0-13.3 10.7-24 24-24zm296 376v112c0 13.3-10.7 24-24 24H24c-13.3 0-24-10.7-24-24V376c0-13.3 10.7-24 24-24h146.7l49 49c20.1 20.1 52.5 20.1 72.6 0l49-49H488c13.3 0 24 10.7 24 24zm-124 88c0-11-9-20-20-20s-20 9-20 20 9 20 20 20 20-9 20-20zm64 0c0-11-9-20-20-20s-20 9-20 20 9 20 20 20 20-9 20-20z\"><\/path><\/svg>\t\t\t<\/span>\n\t\t\t\t\t\t\t\t\t<span class=\"elementor-button-text\">Ficha T\u00e9cnica (PT) <\/span>\n\t\t\t\t\t<\/span>\n\t\t\t\t\t<\/a>\n\t\t\t\t<\/div>\n\t\t\t\t\t\t\t\t<\/div>\n\t\t\t\t<\/div>\n\t\t\t\t<div class=\"elementor-element elementor-element-9397d8b elementor-align-justify elementor-widget__width-inherit elementor-widget elementor-widget-button\" data-id=\"9397d8b\" data-element_type=\"widget\" data-e-type=\"widget\" data-widget_type=\"button.default\">\n\t\t\t\t<div class=\"elementor-widget-container\">\n\t\t\t\t\t\t\t\t\t<div class=\"elementor-button-wrapper\">\n\t\t\t\t\t<a class=\"elementor-button elementor-button-link elementor-size-sm\" href=\"https:\/\/zammi.com.br\/mi\/wp-content\/uploads\/2025\/03\/safecec-en.pdf\">\n\t\t\t\t\t\t<span class=\"elementor-button-content-wrapper\">\n\t\t\t\t\t\t<span class=\"elementor-button-icon\">\n\t\t\t\t<svg aria-hidden=\"true\" class=\"e-font-icon-svg e-fas-download\" viewBox=\"0 0 512 512\" xmlns=\"http:\/\/www.w3.org\/2000\/svg\"><path d=\"M216 0h80c13.3 0 24 10.7 24 24v168h87.7c17.8 0 26.7 21.5 14.1 34.1L269.7 378.3c-7.5 7.5-19.8 7.5-27.3 0L90.1 226.1c-12.6-12.6-3.7-34.1 14.1-34.1H192V24c0-13.3 10.7-24 24-24zm296 376v112c0 13.3-10.7 24-24 24H24c-13.3 0-24-10.7-24-24V376c0-13.3 10.7-24 24-24h146.7l49 49c20.1 20.1 52.5 20.1 72.6 0l49-49H488c13.3 0 24 10.7 24 24zm-124 88c0-11-9-20-20-20s-20 9-20 20 9 20 20 20 20-9 20-20zm64 0c0-11-9-20-20-20s-20 9-20 20 9 20 20 20 20-9 20-20z\"><\/path><\/svg>\t\t\t<\/span>\n\t\t\t\t\t\t\t\t\t<span class=\"elementor-button-text\">Ficha T\u00e9cnica (EN) <\/span>\n\t\t\t\t\t<\/span>\n\t\t\t\t\t<\/a>\n\t\t\t\t<\/div>\n\t\t\t\t\t\t\t\t<\/div>\n\t\t\t\t<\/div>\n\t\t<div class=\"elementor-element elementor-element-5fe7b45 e-flex e-con-boxed e-con e-parent\" data-id=\"5fe7b45\" data-element_type=\"container\" data-e-type=\"container\" data-settings=\"{&quot;background_background&quot;:&quot;classic&quot;}\">\n\t\t\t\t\t<div class=\"e-con-inner\">\n\t\t\t\t<div class=\"elementor-element elementor-element-475adb4 elementor-widget elementor-widget-heading\" data-id=\"475adb4\" data-element_type=\"widget\" data-e-type=\"widget\" data-widget_type=\"heading.default\">\n\t\t\t\t<div class=\"elementor-widget-container\">\n\t\t\t\t\t<h3 class=\"elementor-heading-title elementor-size-default\">Entre em contato<\/h3>\t\t\t\t<\/div>\n\t\t\t\t<\/div>\n\t\t\t\t<div class=\"elementor-element elementor-element-4cd04f5 elementor-widget elementor-widget-text-editor\" data-id=\"4cd04f5\" data-element_type=\"widget\" data-e-type=\"widget\" data-widget_type=\"text-editor.default\">\n\t\t\t\t<div class=\"elementor-widget-container\">\n\t\t\t\t\t\t\t\t\t<p><span style=\"color: #ffffff;\">Nossa equipe est\u00e1 pronta para responder \u00e0s suas perguntas e garantir um \u00f3timo atendimento.<\/span><\/p>\t\t\t\t\t\t\t\t<\/div>\n\t\t\t\t<\/div>\n\t\t<div class=\"elementor-element elementor-element-e89b6ed e-con-full e-grid e-con e-child\" data-id=\"e89b6ed\" data-element_type=\"container\" data-e-type=\"container\">\n\t\t\t\t<div class=\"elementor-element elementor-element-6019e62 elementor-align-left elementor-widget__width-inherit elementor-widget elementor-widget-button\" data-id=\"6019e62\" data-element_type=\"widget\" data-e-type=\"widget\" data-widget_type=\"button.default\">\n\t\t\t\t<div class=\"elementor-widget-container\">\n\t\t\t\t\t\t\t\t\t<div class=\"elementor-button-wrapper\">\n\t\t\t\t\t<a class=\"elementor-button elementor-button-link elementor-size-sm\" href=\"https:\/\/zammi.com.br\/mi\/contato\/departamento-comercial\/\">\n\t\t\t\t\t\t<span class=\"elementor-button-content-wrapper\">\n\t\t\t\t\t\t\t\t\t<span class=\"elementor-button-text\">Como podemos te ajudar<\/span>\n\t\t\t\t\t<\/span>\n\t\t\t\t\t<\/a>\n\t\t\t\t<\/div>\n\t\t\t\t\t\t\t\t<\/div>\n\t\t\t\t<\/div>\n\t\t\t\t<\/div>\n\t\t\t\t\t<\/div>\n\t\t\t\t<\/div>\n\t\t\t\t\t<\/div>\n\t\t<\/div>\n\t\t\t\t<div class=\"elementor-column elementor-col-33 elementor-top-column elementor-element elementor-element-052abb8\" data-id=\"052abb8\" data-element_type=\"column\" data-e-type=\"column\">\n\t\t\t<div class=\"elementor-widget-wrap elementor-element-populated\">\n\t\t\t\t\t\t<div class=\"elementor-element elementor-element-804b8e1 elementor-widget elementor-widget-sidebar\" data-id=\"804b8e1\" data-element_type=\"widget\" data-e-type=\"widget\" data-widget_type=\"sidebar.default\">\n\t\t\t\t<div class=\"elementor-widget-container\">\n\t\t\t\t\t<div class=\"widget widget-port\"><div class=\"menu-service-menu-container\"><ul id=\"menu-service-menu\" class=\"menu\"><li id=\"menu-item-19278\" class=\"menu-item menu-item-type-post_type menu-item-object-page menu-item-has-children dropdown menu-item-19278\"><a href=\"https:\/\/zammi.com.br\/mi\/linha-hospitalar\/\">Linha Hospitalar<\/a>\n<ul class=\"sub-menu\">\n\t<li id=\"menu-item-18950\" class=\"menu-item menu-item-type-post_type menu-item-object-page menu-item-18950\"><a href=\"https:\/\/zammi.com.br\/mi\/linha-hospitalar\/avazamm\/\">Avazamm<\/a><\/li>\n\t<li id=\"menu-item-18968\" class=\"menu-item menu-item-type-post_type menu-item-object-page menu-item-18968\"><a href=\"https:\/\/zammi.com.br\/mi\/linha-hospitalar\/broncozamm\/\">Broncozamm<\/a><\/li>\n\t<li id=\"menu-item-18990\" class=\"menu-item menu-item-type-post_type menu-item-object-page menu-item-18990\"><a href=\"https:\/\/zammi.com.br\/mi\/linha-hospitalar\/drenosuczamm\/\">Drenosuczamm<\/a><\/li>\n\t<li id=\"menu-item-19004\" class=\"menu-item menu-item-type-post_type menu-item-object-page menu-item-19004\"><a href=\"https:\/\/zammi.com.br\/mi\/linha-hospitalar\/multizamm-max\/\">Multizamm Max<\/a><\/li>\n\t<li id=\"menu-item-19033\" class=\"menu-item menu-item-type-post_type menu-item-object-page menu-item-19033\"><a href=\"https:\/\/zammi.com.br\/mi\/linha-hospitalar\/sterzamm\/\">Sterzamm<\/a><\/li>\n\t<li id=\"menu-item-19049\" class=\"menu-item menu-item-type-post_type menu-item-object-page menu-item-19049\"><a href=\"https:\/\/zammi.com.br\/mi\/linha-hospitalar\/zammivac\/\">Zammivac<\/a><\/li>\n\t<li id=\"menu-item-19061\" class=\"menu-item menu-item-type-post_type menu-item-object-page menu-item-19061\"><a href=\"https:\/\/zammi.com.br\/mi\/linha-hospitalar\/drenozamm\/\">Drenozamm<\/a><\/li>\n\t<li id=\"menu-item-19071\" class=\"menu-item menu-item-type-post_type menu-item-object-page menu-item-19071\"><a href=\"https:\/\/zammi.com.br\/mi\/linha-hospitalar\/pleurozamm\/\">Pleurozamm<\/a><\/li>\n\t<li id=\"menu-item-19086\" class=\"menu-item menu-item-type-post_type menu-item-object-page menu-item-19086\"><a href=\"https:\/\/zammi.com.br\/mi\/linha-hospitalar\/torozamm\/\">Torozamm<\/a><\/li>\n\t<li id=\"menu-item-19095\" class=\"menu-item menu-item-type-post_type menu-item-object-page menu-item-19095\"><a href=\"https:\/\/zammi.com.br\/mi\/linha-hospitalar\/artrozamm\/\">Artrozamm<\/a><\/li>\n\t<li id=\"menu-item-19105\" class=\"menu-item menu-item-type-post_type menu-item-object-page menu-item-19105\"><a href=\"https:\/\/zammi.com.br\/mi\/linha-hospitalar\/irrigazamm-duo\/\">Irrigazamm Duo<\/a><\/li>\n\t<li id=\"menu-item-19115\" class=\"menu-item menu-item-type-post_type menu-item-object-page menu-item-19115\"><a href=\"https:\/\/zammi.com.br\/mi\/linha-hospitalar\/perfuzamm-2-vias\/\">Perfuzamm 2 Vias<\/a><\/li>\n\t<li id=\"menu-item-19125\" class=\"menu-item menu-item-type-post_type menu-item-object-page menu-item-19125\"><a href=\"https:\/\/zammi.com.br\/mi\/linha-hospitalar\/irrigazamm-c\/\">Irrigazamm C<\/a><\/li>\n\t<li id=\"menu-item-19135\" class=\"menu-item menu-item-type-post_type menu-item-object-page menu-item-19135\"><a href=\"https:\/\/zammi.com.br\/mi\/linha-hospitalar\/extensao-para-centro-cirurgico\/\">Extens\u00e3o para centro cir\u00fargico<\/a><\/li>\n\t<li id=\"menu-item-19145\" class=\"menu-item menu-item-type-post_type menu-item-object-page menu-item-19145\"><a href=\"https:\/\/zammi.com.br\/mi\/linha-hospitalar\/extensao-para-videolaparoscopia\/\">Extens\u00e3o para videolaparoscopia<\/a><\/li>\n\t<li id=\"menu-item-19155\" class=\"menu-item menu-item-type-post_type menu-item-object-page menu-item-19155\"><a href=\"https:\/\/zammi.com.br\/mi\/linha-hospitalar\/oxizamm\/\">Oxizamm<\/a><\/li>\n\t<li id=\"menu-item-19165\" class=\"menu-item menu-item-type-post_type menu-item-object-page menu-item-19165\"><a href=\"https:\/\/zammi.com.br\/mi\/linha-hospitalar\/urozamm-star\/\">Urozamm Star<\/a><\/li>\n\t<li id=\"menu-item-19175\" class=\"menu-item menu-item-type-post_type menu-item-object-page menu-item-19175\"><a href=\"https:\/\/zammi.com.br\/mi\/linha-hospitalar\/urozamm-top\/\">Urozamm Top<\/a><\/li>\n\t<li id=\"menu-item-19185\" class=\"menu-item menu-item-type-post_type menu-item-object-page menu-item-19185\"><a href=\"https:\/\/zammi.com.br\/mi\/linha-hospitalar\/urozamm-diurese-horaria\/\">Urozamm Diurese Hor\u00e1ria<\/a><\/li>\n\t<li id=\"menu-item-20845\" class=\"menu-item menu-item-type-post_type menu-item-object-page menu-item-20845\"><a href=\"https:\/\/zammi.com.br\/mi\/linha-hospitalar\/urozamm-500-advanced\/\">Urozamm 500 Advanced<\/a><\/li>\n\t<li id=\"menu-item-19193\" class=\"menu-item menu-item-type-post_type menu-item-object-page menu-item-19193\"><a href=\"https:\/\/zammi.com.br\/mi\/linha-hospitalar\/caneta-para-marcacao-cirurgica\/\">Caneta para marca\u00e7\u00e3o cir\u00fargica<\/a><\/li>\n<\/ul>\n<\/li>\n<li id=\"menu-item-19279\" class=\"menu-item menu-item-type-post_type menu-item-object-page menu-item-has-children dropdown menu-item-19279\"><a href=\"https:\/\/zammi.com.br\/mi\/linha-terapia-intensiva\/\">Linha Terapia Intensiva<\/a>\n<ul class=\"sub-menu\">\n\t<li id=\"menu-item-19277\" class=\"menu-item menu-item-type-post_type menu-item-object-page menu-item-19277\"><a href=\"https:\/\/zammi.com.br\/mi\/linha-terapia-intensiva\/bolsa-pressorica-premere\/\">Bolsa Press\u00f3rica Premere<\/a><\/li>\n\t<li id=\"menu-item-19368\" class=\"menu-item menu-item-type-post_type menu-item-object-page menu-item-19368\"><a href=\"https:\/\/zammi.com.br\/mi\/linha-terapia-intensiva\/kit-de-monitorizacao-de-pressao-kmp\/\">Kit de Monitoriza\u00e7\u00e3o de Press\u00e3o \u2013 KMP<\/a><\/li>\n\t<li id=\"menu-item-19369\" class=\"menu-item menu-item-type-post_type menu-item-object-page menu-item-19369\"><a href=\"https:\/\/zammi.com.br\/mi\/linha-terapia-intensiva\/premere-smart-2\/\">Premere Smart<\/a><\/li>\n<\/ul>\n<\/li>\n<li id=\"menu-item-19370\" class=\"menu-item menu-item-type-post_type menu-item-object-page menu-item-has-children dropdown menu-item-19370\"><a href=\"https:\/\/zammi.com.br\/mi\/linha-cardiaca\/\">Linha Card\u00edaca<\/a>\n<ul class=\"sub-menu\">\n\t<li id=\"menu-item-20650\" class=\"menu-item menu-item-type-post_type menu-item-object-page menu-item-20650\"><a href=\"https:\/\/zammi.com.br\/mi\/linha-cardiaca\/safe-cec-2\/\">Safe CEC<\/a><\/li>\n<\/ul>\n<\/li>\n<li id=\"menu-item-20651\" class=\"menu-item menu-item-type-post_type menu-item-object-page menu-item-20651\"><a href=\"https:\/\/zammi.com.br\/mi\/linha-toracica\/\">Linha Tor\u00e1cica<\/a><\/li>\n<\/ul><\/div><\/div>\t\t\t\t<\/div>\n\t\t\t\t<\/div>\n\t\t\t\t\t<\/div>\n\t\t<\/div>\n\t\t\t\t\t<\/div>\n\t\t<\/div>\n\t\t\t\t<\/div>\n\t\t","protected":false},"excerpt":{"rendered":"<p>Safe CEC HOME \/ PRODUTOS \/ LINHA CARD\u00cdACA \/ SAFE CEC Indica\u00e7\u00e3o V\u00e1lvula unidirecional para CEC, desenvolvida para eliminar a ocorr\u00eancia de refluxo na linha arterial, sem causar interfer\u00eancias ao fluxo e \u00e0 integridade do sangue Descri\u00e7\u00e3o \u00a0 Produto est\u00e9ril, at\u00f3xico, biocompat\u00edvel e hemocompat\u00edvel; Baixa resist\u00eanca ao fluxo sangu\u00edneo; Garantia de refluxo zero; Baixo \u00edndice [&hellip;]<\/p>\n","protected":false},"author":1,"featured_media":0,"parent":19359,"menu_order":0,"comment_status":"closed","ping_status":"closed","template":"elementor_header_footer","meta":{"_acf_changed":false,"footnotes":""},"class_list":["post-20465","page","type-page","status-publish","hentry"],"acf":[],"aioseo_notices":[],"_links":{"self":[{"href":"https:\/\/zammi.com.br\/mi\/wp-json\/wp\/v2\/pages\/20465","targetHints":{"allow":["GET"]}}],"collection":[{"href":"https:\/\/zammi.com.br\/mi\/wp-json\/wp\/v2\/pages"}],"about":[{"href":"https:\/\/zammi.com.br\/mi\/wp-json\/wp\/v2\/types\/page"}],"author":[{"embeddable":true,"href":"https:\/\/zammi.com.br\/mi\/wp-json\/wp\/v2\/users\/1"}],"replies":[{"embeddable":true,"href":"https:\/\/zammi.com.br\/mi\/wp-json\/wp\/v2\/comments?post=20465"}],"version-history":[{"count":58,"href":"https:\/\/zammi.com.br\/mi\/wp-json\/wp\/v2\/pages\/20465\/revisions"}],"predecessor-version":[{"id":21953,"href":"https:\/\/zammi.com.br\/mi\/wp-json\/wp\/v2\/pages\/20465\/revisions\/21953"}],"up":[{"embeddable":true,"href":"https:\/\/zammi.com.br\/mi\/wp-json\/wp\/v2\/pages\/19359"}],"wp:attachment":[{"href":"https:\/\/zammi.com.br\/mi\/wp-json\/wp\/v2\/media?parent=20465"}],"curies":[{"name":"wp","href":"https:\/\/api.w.org\/{rel}","templated":true}]}}