{"id":21844,"date":"2025-10-14T14:11:31","date_gmt":"2025-10-14T17:11:31","guid":{"rendered":"https:\/\/zammi.com.br\/mi\/?page_id=21844"},"modified":"2025-10-14T15:09:58","modified_gmt":"2025-10-14T18:09:58","slug":"passo-a-passo","status":"publish","type":"page","link":"https:\/\/zammi.com.br\/mi\/passo-a-passo\/","title":{"rendered":"Passo a passo"},"content":{"rendered":"\t\t<div data-elementor-type=\"wp-page\" data-elementor-id=\"21844\" class=\"elementor elementor-21844\">\n\t\t\t\t<div class=\"elementor-element elementor-element-f7a0964 e-flex e-con-boxed e-con e-parent\" data-id=\"f7a0964\" data-element_type=\"container\" data-e-type=\"container\">\n\t\t\t\t\t<div class=\"e-con-inner\">\n\t\t\t\t<div class=\"elementor-element elementor-element-649a917 elementor-widget elementor-widget-heading\" data-id=\"649a917\" data-element_type=\"widget\" data-e-type=\"widget\" data-widget_type=\"heading.default\">\n\t\t\t\t<div class=\"elementor-widget-container\">\n\t\t\t\t\t<h2 class=\"elementor-heading-title elementor-size-default\">Passo a passo - ANVISA<\/h2>\t\t\t\t<\/div>\n\t\t\t\t<\/div>\n\t\t\t\t\t<\/div>\n\t\t\t\t<\/div>\n\t\t<div class=\"elementor-element elementor-element-bb87a44 e-flex e-con-boxed e-con e-parent\" data-id=\"bb87a44\" data-element_type=\"container\" data-e-type=\"container\">\n\t\t\t\t\t<div class=\"e-con-inner\">\n\t\t\t\t<div class=\"elementor-element elementor-element-69264ea elementor-widget elementor-widget-text-editor\" data-id=\"69264ea\" data-element_type=\"widget\" data-e-type=\"widget\" data-widget_type=\"text-editor.default\">\n\t\t\t\t<div class=\"elementor-widget-container\">\n\t\t\t\t\t\t\t\t\t<ol><li><span data-olk-copy-source=\"MessageBody\">Entre no <strong><a id=\"LPlnk913731\" title=\"Site Anvisa\" href=\"https:\/\/consultas.anvisa.gov.br\/#\/saude\/\" target=\"_blank\" rel=\"noopener\" data-auth=\"NotApplicable\" data-linkindex=\"0\">Site Anvisa<\/a><\/strong><\/span><span data-olk-copy-source=\"MessageBody\"><strong>\u00a0<\/strong> Ao entrar no site aparecer\u00e1 a tela abaixo:<\/span><\/li><\/ol>\t\t\t\t\t\t\t\t<\/div>\n\t\t\t\t<\/div>\n\t\t\t\t\t<\/div>\n\t\t\t\t<\/div>\n\t\t<div class=\"elementor-element elementor-element-7242013 e-flex e-con-boxed e-con e-parent\" data-id=\"7242013\" data-element_type=\"container\" data-e-type=\"container\">\n\t\t\t\t\t<div class=\"e-con-inner\">\n\t\t\t\t<div class=\"elementor-element elementor-element-80b0ae1 elementor-widget elementor-widget-image\" data-id=\"80b0ae1\" data-element_type=\"widget\" data-e-type=\"widget\" data-widget_type=\"image.default\">\n\t\t\t\t<div class=\"elementor-widget-container\">\n\t\t\t\t\t\t\t\t\t\t\t\t\t\t\t<img fetchpriority=\"high\" decoding=\"async\" width=\"1619\" height=\"844\" src=\"https:\/\/zammi.com.br\/mi\/wp-content\/uploads\/2025\/10\/SITE-1-1.png\" class=\"attachment-full size-full wp-image-21848\" alt=\"\" srcset=\"https:\/\/zammi.com.br\/mi\/wp-content\/uploads\/2025\/10\/SITE-1-1.png 1619w, https:\/\/zammi.com.br\/mi\/wp-content\/uploads\/2025\/10\/SITE-1-1-300x156.png 300w, https:\/\/zammi.com.br\/mi\/wp-content\/uploads\/2025\/10\/SITE-1-1-1024x534.png 1024w, https:\/\/zammi.com.br\/mi\/wp-content\/uploads\/2025\/10\/SITE-1-1-768x400.png 768w, https:\/\/zammi.com.br\/mi\/wp-content\/uploads\/2025\/10\/SITE-1-1-1536x801.png 1536w\" sizes=\"(max-width: 1619px) 100vw, 1619px\" \/>\t\t\t\t\t\t\t\t\t\t\t\t\t\t\t<\/div>\n\t\t\t\t<\/div>\n\t\t\t\t<div class=\"elementor-element elementor-element-a280f1d elementor-widget-divider--view-line elementor-widget elementor-widget-divider\" data-id=\"a280f1d\" data-element_type=\"widget\" data-e-type=\"widget\" data-widget_type=\"divider.default\">\n\t\t\t\t<div class=\"elementor-widget-container\">\n\t\t\t\t\t\t\t<div class=\"elementor-divider\">\n\t\t\t<span class=\"elementor-divider-separator\">\n\t\t\t\t\t\t<\/span>\n\t\t<\/div>\n\t\t\t\t\t\t<\/div>\n\t\t\t\t<\/div>\n\t\t\t\t\t<\/div>\n\t\t\t\t<\/div>\n\t\t<div class=\"elementor-element elementor-element-4f03fd9 e-flex e-con-boxed e-con e-parent\" data-id=\"4f03fd9\" data-element_type=\"container\" data-e-type=\"container\">\n\t\t\t\t\t<div class=\"e-con-inner\">\n\t\t\t\t<div class=\"elementor-element elementor-element-84c2a80 elementor-widget elementor-widget-text-editor\" data-id=\"84c2a80\" data-element_type=\"widget\" data-e-type=\"widget\" data-widget_type=\"text-editor.default\">\n\t\t\t\t<div class=\"elementor-widget-container\">\n\t\t\t\t\t\t\t\t\t<p>2. Deve-se informar o n\u00famero da notifica\u00e7\u00e3o ou do registro do dispositivo m\u00e9dico:<\/p><p><em>Ex: 10216350110 &#8211; Multizamm max 3500 &#8211; N\u00e3o est\u00e9ril:<\/em><\/p>\t\t\t\t\t\t\t\t<\/div>\n\t\t\t\t<\/div>\n\t\t\t\t\t<\/div>\n\t\t\t\t<\/div>\n\t\t<div class=\"elementor-element elementor-element-a2be809 e-flex e-con-boxed e-con e-parent\" data-id=\"a2be809\" data-element_type=\"container\" data-e-type=\"container\">\n\t\t\t\t\t<div class=\"e-con-inner\">\n\t\t\t\t<div class=\"elementor-element elementor-element-2464c97 elementor-widget elementor-widget-image\" data-id=\"2464c97\" data-element_type=\"widget\" data-e-type=\"widget\" data-widget_type=\"image.default\">\n\t\t\t\t<div class=\"elementor-widget-container\">\n\t\t\t\t\t\t\t\t\t\t\t\t\t\t\t<img decoding=\"async\" width=\"1527\" height=\"635\" src=\"https:\/\/zammi.com.br\/mi\/wp-content\/uploads\/2025\/10\/SITE-2.png\" class=\"attachment-full size-full wp-image-21847\" alt=\"\" srcset=\"https:\/\/zammi.com.br\/mi\/wp-content\/uploads\/2025\/10\/SITE-2.png 1527w, https:\/\/zammi.com.br\/mi\/wp-content\/uploads\/2025\/10\/SITE-2-300x125.png 300w, https:\/\/zammi.com.br\/mi\/wp-content\/uploads\/2025\/10\/SITE-2-1024x426.png 1024w, https:\/\/zammi.com.br\/mi\/wp-content\/uploads\/2025\/10\/SITE-2-768x319.png 768w\" sizes=\"(max-width: 1527px) 100vw, 1527px\" loading=\"lazy\" \/>\t\t\t\t\t\t\t\t\t\t\t\t\t\t\t<\/div>\n\t\t\t\t<\/div>\n\t\t\t\t\t<\/div>\n\t\t\t\t<\/div>\n\t\t<div class=\"elementor-element elementor-element-d7dfc53 e-flex e-con-boxed e-con e-parent\" data-id=\"d7dfc53\" data-element_type=\"container\" data-e-type=\"container\">\n\t\t\t\t\t<div class=\"e-con-inner\">\n\t\t\t\t<div class=\"elementor-element elementor-element-491b294 elementor-widget elementor-widget-text-editor\" data-id=\"491b294\" data-element_type=\"widget\" data-e-type=\"widget\" data-widget_type=\"text-editor.default\">\n\t\t\t\t<div class=\"elementor-widget-container\">\n\t\t\t\t\t\t\t\t\t<div class=\"x_x_elementToProof\" data-olk-copy-source=\"MessageBody\">Ao clicar em consultar. Aparecer\u00e1 a seguinte tela:<\/div>\t\t\t\t\t\t\t\t<\/div>\n\t\t\t\t<\/div>\n\t\t\t\t\t<\/div>\n\t\t\t\t<\/div>\n\t\t<div class=\"elementor-element elementor-element-d989675 e-flex e-con-boxed e-con e-parent\" data-id=\"d989675\" data-element_type=\"container\" data-e-type=\"container\">\n\t\t\t\t\t<div class=\"e-con-inner\">\n\t\t\t\t<div class=\"elementor-element elementor-element-bc0c3a6 elementor-widget elementor-widget-image\" data-id=\"bc0c3a6\" data-element_type=\"widget\" data-e-type=\"widget\" data-widget_type=\"image.default\">\n\t\t\t\t<div class=\"elementor-widget-container\">\n\t\t\t\t\t\t\t\t\t\t\t\t\t\t\t<img decoding=\"async\" width=\"1542\" height=\"503\" src=\"https:\/\/zammi.com.br\/mi\/wp-content\/uploads\/2025\/10\/site-3.png\" class=\"attachment-full size-full wp-image-21849\" alt=\"\" srcset=\"https:\/\/zammi.com.br\/mi\/wp-content\/uploads\/2025\/10\/site-3.png 1542w, https:\/\/zammi.com.br\/mi\/wp-content\/uploads\/2025\/10\/site-3-300x98.png 300w, https:\/\/zammi.com.br\/mi\/wp-content\/uploads\/2025\/10\/site-3-1024x334.png 1024w, https:\/\/zammi.com.br\/mi\/wp-content\/uploads\/2025\/10\/site-3-768x251.png 768w, https:\/\/zammi.com.br\/mi\/wp-content\/uploads\/2025\/10\/site-3-1536x501.png 1536w\" sizes=\"(max-width: 1542px) 100vw, 1542px\" loading=\"lazy\" \/>\t\t\t\t\t\t\t\t\t\t\t\t\t\t\t<\/div>\n\t\t\t\t<\/div>\n\t\t\t\t<div class=\"elementor-element elementor-element-3e99e2f elementor-widget-divider--view-line elementor-widget elementor-widget-divider\" data-id=\"3e99e2f\" data-element_type=\"widget\" data-e-type=\"widget\" data-widget_type=\"divider.default\">\n\t\t\t\t<div class=\"elementor-widget-container\">\n\t\t\t\t\t\t\t<div class=\"elementor-divider\">\n\t\t\t<span class=\"elementor-divider-separator\">\n\t\t\t\t\t\t<\/span>\n\t\t<\/div>\n\t\t\t\t\t\t<\/div>\n\t\t\t\t<\/div>\n\t\t\t\t\t<\/div>\n\t\t\t\t<\/div>\n\t\t<div class=\"elementor-element elementor-element-47c19b9 e-flex e-con-boxed e-con e-parent\" data-id=\"47c19b9\" data-element_type=\"container\" data-e-type=\"container\">\n\t\t\t\t\t<div class=\"e-con-inner\">\n\t\t\t\t<div class=\"elementor-element elementor-element-2e66f41 elementor-widget elementor-widget-text-editor\" data-id=\"2e66f41\" data-element_type=\"widget\" data-e-type=\"widget\" data-widget_type=\"text-editor.default\">\n\t\t\t\t<div class=\"elementor-widget-container\">\n\t\t\t\t\t\t\t\t\t<p><span data-olk-copy-source=\"MessageBody\">3. Clicar no dispositivo. Aparecer\u00e1 a seguinte tela:<\/span><\/p>\t\t\t\t\t\t\t\t<\/div>\n\t\t\t\t<\/div>\n\t\t\t\t<div class=\"elementor-element elementor-element-e31cd72 elementor-widget elementor-widget-image\" data-id=\"e31cd72\" data-element_type=\"widget\" data-e-type=\"widget\" data-widget_type=\"image.default\">\n\t\t\t\t<div class=\"elementor-widget-container\">\n\t\t\t\t\t\t\t\t\t\t\t\t\t\t\t<img loading=\"lazy\" decoding=\"async\" width=\"1509\" height=\"848\" src=\"https:\/\/zammi.com.br\/mi\/wp-content\/uploads\/2025\/10\/site-4.png\" class=\"attachment-full size-full wp-image-21850\" alt=\"\" srcset=\"https:\/\/zammi.com.br\/mi\/wp-content\/uploads\/2025\/10\/site-4.png 1509w, https:\/\/zammi.com.br\/mi\/wp-content\/uploads\/2025\/10\/site-4-300x169.png 300w, https:\/\/zammi.com.br\/mi\/wp-content\/uploads\/2025\/10\/site-4-1024x575.png 1024w, https:\/\/zammi.com.br\/mi\/wp-content\/uploads\/2025\/10\/site-4-768x432.png 768w\" sizes=\"(max-width: 1509px) 100vw, 1509px\" \/>\t\t\t\t\t\t\t\t\t\t\t\t\t\t\t<\/div>\n\t\t\t\t<\/div>\n\t\t\t\t\t<\/div>\n\t\t\t\t<\/div>\n\t\t<div class=\"elementor-element elementor-element-ed96241 e-flex e-con-boxed e-con e-parent\" data-id=\"ed96241\" data-element_type=\"container\" data-e-type=\"container\">\n\t\t\t\t\t<div class=\"e-con-inner\">\n\t\t\t\t<div class=\"elementor-element elementor-element-a94cf1f elementor-widget-divider--view-line elementor-widget elementor-widget-divider\" data-id=\"a94cf1f\" data-element_type=\"widget\" data-e-type=\"widget\" data-widget_type=\"divider.default\">\n\t\t\t\t<div class=\"elementor-widget-container\">\n\t\t\t\t\t\t\t<div class=\"elementor-divider\">\n\t\t\t<span class=\"elementor-divider-separator\">\n\t\t\t\t\t\t<\/span>\n\t\t<\/div>\n\t\t\t\t\t\t<\/div>\n\t\t\t\t<\/div>\n\t\t\t\t\t<\/div>\n\t\t\t\t<\/div>\n\t\t<div class=\"elementor-element elementor-element-4949c47 e-flex e-con-boxed e-con e-parent\" data-id=\"4949c47\" data-element_type=\"container\" data-e-type=\"container\">\n\t\t\t\t\t<div class=\"e-con-inner\">\n\t\t\t\t<div class=\"elementor-element elementor-element-5f66706 elementor-widget elementor-widget-text-editor\" data-id=\"5f66706\" data-element_type=\"widget\" data-e-type=\"widget\" data-widget_type=\"text-editor.default\">\n\t\t\t\t<div class=\"elementor-widget-container\">\n\t\t\t\t\t\t\t\t\t<p><span data-olk-copy-source=\"MessageBody\">4. Clicar no item arquivos para consulta da instru\u00e7\u00e3o de uso:<\/span><\/p>\t\t\t\t\t\t\t\t<\/div>\n\t\t\t\t<\/div>\n\t\t\t\t<div class=\"elementor-element elementor-element-c1bd3d4 elementor-widget elementor-widget-image\" data-id=\"c1bd3d4\" data-element_type=\"widget\" data-e-type=\"widget\" data-widget_type=\"image.default\">\n\t\t\t\t<div class=\"elementor-widget-container\">\n\t\t\t\t\t\t\t\t\t\t\t\t\t\t\t<img loading=\"lazy\" decoding=\"async\" width=\"1433\" height=\"129\" src=\"https:\/\/zammi.com.br\/mi\/wp-content\/uploads\/2025\/10\/site-5.png\" class=\"attachment-full size-full wp-image-21851\" alt=\"\" srcset=\"https:\/\/zammi.com.br\/mi\/wp-content\/uploads\/2025\/10\/site-5.png 1433w, https:\/\/zammi.com.br\/mi\/wp-content\/uploads\/2025\/10\/site-5-300x27.png 300w, https:\/\/zammi.com.br\/mi\/wp-content\/uploads\/2025\/10\/site-5-1024x92.png 1024w, https:\/\/zammi.com.br\/mi\/wp-content\/uploads\/2025\/10\/site-5-768x69.png 768w\" sizes=\"(max-width: 1433px) 100vw, 1433px\" \/>\t\t\t\t\t\t\t\t\t\t\t\t\t\t\t<\/div>\n\t\t\t\t<\/div>\n\t\t\t\t\t<\/div>\n\t\t\t\t<\/div>\n\t\t<div class=\"elementor-element elementor-element-746120f e-flex e-con-boxed e-con e-parent\" data-id=\"746120f\" data-element_type=\"container\" data-e-type=\"container\">\n\t\t\t\t\t<div class=\"e-con-inner\">\n\t\t\t\t<div class=\"elementor-element elementor-element-1c35560 elementor-widget-divider--view-line elementor-widget elementor-widget-divider\" data-id=\"1c35560\" data-element_type=\"widget\" data-e-type=\"widget\" data-widget_type=\"divider.default\">\n\t\t\t\t<div class=\"elementor-widget-container\">\n\t\t\t\t\t\t\t<div class=\"elementor-divider\">\n\t\t\t<span class=\"elementor-divider-separator\">\n\t\t\t\t\t\t<\/span>\n\t\t<\/div>\n\t\t\t\t\t\t<\/div>\n\t\t\t\t<\/div>\n\t\t\t\t\t<\/div>\n\t\t\t\t<\/div>\n\t\t<div class=\"elementor-element elementor-element-4918467 e-flex e-con-boxed e-con e-parent\" data-id=\"4918467\" data-element_type=\"container\" data-e-type=\"container\">\n\t\t\t\t\t<div class=\"e-con-inner\">\n\t\t\t\t<div class=\"elementor-element elementor-element-f7fa5ed elementor-widget elementor-widget-button\" data-id=\"f7fa5ed\" data-element_type=\"widget\" data-e-type=\"widget\" data-widget_type=\"button.default\">\n\t\t\t\t<div class=\"elementor-widget-container\">\n\t\t\t\t\t\t\t\t\t<div class=\"elementor-button-wrapper\">\n\t\t\t\t\t<a class=\"elementor-button elementor-button-link elementor-size-sm\" href=\"https:\/\/consultas.anvisa.gov.br\/#\/saude\/\">\n\t\t\t\t\t\t<span class=\"elementor-button-content-wrapper\">\n\t\t\t\t\t\t\t\t\t<span class=\"elementor-button-text\">Site ANVISA<\/span>\n\t\t\t\t\t<\/span>\n\t\t\t\t\t<\/a>\n\t\t\t\t<\/div>\n\t\t\t\t\t\t\t\t<\/div>\n\t\t\t\t<\/div>\n\t\t\t\t\t<\/div>\n\t\t\t\t<\/div>\n\t\t\t\t<\/div>\n\t\t","protected":false},"excerpt":{"rendered":"<p>Passo a passo &#8211; ANVISA Entre no Site Anvisa\u00a0 Ao entrar no site aparecer\u00e1 a tela abaixo: 2. Deve-se informar o n\u00famero da notifica\u00e7\u00e3o ou do registro do dispositivo m\u00e9dico: Ex: 10216350110 &#8211; Multizamm max 3500 &#8211; N\u00e3o est\u00e9ril: Ao clicar em consultar. Aparecer\u00e1 a seguinte tela: 3. Clicar no dispositivo. Aparecer\u00e1 a seguinte tela: [&hellip;]<\/p>\n","protected":false},"author":2,"featured_media":0,"parent":0,"menu_order":0,"comment_status":"closed","ping_status":"closed","template":"","meta":{"_acf_changed":false,"footnotes":""},"class_list":["post-21844","page","type-page","status-publish","hentry"],"acf":[],"aioseo_notices":[],"_links":{"self":[{"href":"https:\/\/zammi.com.br\/mi\/wp-json\/wp\/v2\/pages\/21844","targetHints":{"allow":["GET"]}}],"collection":[{"href":"https:\/\/zammi.com.br\/mi\/wp-json\/wp\/v2\/pages"}],"about":[{"href":"https:\/\/zammi.com.br\/mi\/wp-json\/wp\/v2\/types\/page"}],"author":[{"embeddable":true,"href":"https:\/\/zammi.com.br\/mi\/wp-json\/wp\/v2\/users\/2"}],"replies":[{"embeddable":true,"href":"https:\/\/zammi.com.br\/mi\/wp-json\/wp\/v2\/comments?post=21844"}],"version-history":[{"count":7,"href":"https:\/\/zammi.com.br\/mi\/wp-json\/wp\/v2\/pages\/21844\/revisions"}],"predecessor-version":[{"id":21857,"href":"https:\/\/zammi.com.br\/mi\/wp-json\/wp\/v2\/pages\/21844\/revisions\/21857"}],"wp:attachment":[{"href":"https:\/\/zammi.com.br\/mi\/wp-json\/wp\/v2\/media?parent=21844"}],"curies":[{"name":"wp","href":"https:\/\/api.w.org\/{rel}","templated":true}]}}