{"id":2235,"date":"2021-12-03T10:03:09","date_gmt":"2021-12-03T10:03:09","guid":{"rendered":"https:\/\/medicate.peacefulqode.com\/?page_id=2235"},"modified":"2025-04-07T10:43:08","modified_gmt":"2025-04-07T13:43:08","slug":"blog","status":"publish","type":"page","link":"https:\/\/zammi.com.br\/mi\/blog\/","title":{"rendered":"Blog"},"content":{"rendered":"\t\t<div data-elementor-type=\"wp-page\" data-elementor-id=\"2235\" class=\"elementor elementor-2235\">\n\t\t\t\t<div class=\"elementor-element elementor-element-4a7ed56 e-flex e-con-boxed e-con e-parent\" data-id=\"4a7ed56\" data-element_type=\"container\" data-e-type=\"container\" data-settings=\"{&quot;background_background&quot;:&quot;classic&quot;,&quot;animation&quot;:&quot;none&quot;}\">\n\t\t\t\t\t<div class=\"e-con-inner\">\n\t\t<div class=\"elementor-element elementor-element-1f7636a e-con-full e-flex e-con e-child\" data-id=\"1f7636a\" data-element_type=\"container\" data-e-type=\"container\" data-settings=\"{&quot;background_background&quot;:&quot;classic&quot;}\">\n\t\t\t\t<div class=\"elementor-element elementor-element-1ee1fb3 elementor-widget elementor-widget-heading\" data-id=\"1ee1fb3\" data-element_type=\"widget\" data-e-type=\"widget\" data-widget_type=\"heading.default\">\n\t\t\t\t<div class=\"elementor-widget-container\">\n\t\t\t\t\t<h2 class=\"elementor-heading-title elementor-size-default\">Blog<\/h2>\t\t\t\t<\/div>\n\t\t\t\t<\/div>\n\t\t\t\t<\/div>\n\t\t\t\t<div class=\"elementor-element elementor-element-ad8ac95 elementor-widget-mobile__width-initial elementor-widget elementor-widget-text-editor\" data-id=\"ad8ac95\" data-element_type=\"widget\" data-e-type=\"widget\" data-widget_type=\"text-editor.default\">\n\t\t\t\t<div class=\"elementor-widget-container\">\n\t\t\t\t\t\t\t\t\t<p><strong><span style=\"color: #ffffff;\"><a title=\"Home\" href=\"https:\/\/zammi.com.br\/mi\/\"><span style=\"color: #ffffff;\">HOME<\/span><\/a> \/ <span style=\"color: #d14041&lt;a href=;\" title=\"Blog\"><a title=\"Blog\" href=\"https:\/\/zammi.com.br\/mi\/blog\/\"><span style=\"color: #d14041;\">BLOG<\/span><\/a><\/span><\/span><\/strong><\/p>\t\t\t\t\t\t\t\t<\/div>\n\t\t\t\t<\/div>\n\t\t\t\t\t<\/div>\n\t\t\t\t<\/div>\n\t\t\t\t<div class=\"elementor-section elementor-top-section elementor-element elementor-element-d2e91cd elementor-section-full_width elementor-section-stretched elementor-section-height-default elementor-section-height-default\" data-id=\"d2e91cd\" data-element_type=\"section\" data-e-type=\"section\" data-settings=\"{&quot;stretch_section&quot;:&quot;section-stretched&quot;}\">\n\t\t\t\t\t\t<div class=\"elementor-container elementor-column-gap-default\">\n\t\t\t\t\t<div class=\"elementor-column elementor-col-100 elementor-top-column elementor-element elementor-element-7865df5\" data-id=\"7865df5\" data-element_type=\"column\" data-e-type=\"column\">\n\t\t\t<div class=\"elementor-widget-wrap elementor-element-populated\">\n\t\t\t\t\t\t<div class=\"elementor-section elementor-inner-section elementor-element elementor-element-cf84b4c elementor-section-boxed elementor-section-height-default elementor-section-height-default\" data-id=\"cf84b4c\" data-element_type=\"section\" data-e-type=\"section\">\n\t\t\t\t\t\t<div class=\"elementor-container elementor-column-gap-default\">\n\t\t\t\t\t<div class=\"elementor-column elementor-col-100 elementor-inner-column elementor-element elementor-element-47e29fe\" data-id=\"47e29fe\" data-element_type=\"column\" data-e-type=\"column\">\n\t\t\t<div class=\"elementor-widget-wrap elementor-element-populated\">\n\t\t\t\t\t\t<div class=\"elementor-element elementor-element-3a57f36 elementor-widget elementor-widget-blog\" data-id=\"3a57f36\" data-element_type=\"widget\" data-e-type=\"widget\" data-widget_type=\"blog.default\">\n\t\t\t\t<div class=\"elementor-widget-container\">\n\t\t\t\t\t<div class=\"pt-blog pt-blog-col-3\">\r\n  <div class=\"row\">\r\n\r\n              <div class=\"col-lg-4\">\r\n           <div class=\"pt-blog-post\">\r\n              <div class=\"pt-post-media\">\r\n              <img fetchpriority=\"high\" decoding=\"async\" width=\"1500\" height=\"1051\" src=\"https:\/\/zammi.com.br\/mi\/wp-content\/uploads\/2025\/02\/homem-sentindo-dor.webp\" class=\"attachment-post-thumbnail size-post-thumbnail wp-post-image\" alt=\"\" srcset=\"https:\/\/zammi.com.br\/mi\/wp-content\/uploads\/2025\/02\/homem-sentindo-dor.webp 1500w, https:\/\/zammi.com.br\/mi\/wp-content\/uploads\/2025\/02\/homem-sentindo-dor-300x210.webp 300w, https:\/\/zammi.com.br\/mi\/wp-content\/uploads\/2025\/02\/homem-sentindo-dor-1024x717.webp 1024w, https:\/\/zammi.com.br\/mi\/wp-content\/uploads\/2025\/02\/homem-sentindo-dor-768x538.webp 768w\" sizes=\"(max-width: 1500px) 100vw, 1500px\" \/>\r\n              \r\n                                  <div class=\"pt-post-date\">\r\n                    <a href=\"https:\/\/zammi.com.br\/mi\/2025\/02\/20\/\">\r\n                    <span>20 de fevereiro de 2025<\/span><\/a>\r\n                 <\/div>\r\n                                   <\/div>\r\n\r\n                  <div class=\"pt-blog-contain\">\r\n                 <div class=\"pt-post-meta\">\r\n                    <ul>\r\n                       <li class=\"pt-post-author\"><i class=\"fa fa-user\"><\/i>Talita<\/li>\r\n\r\n                       <li class=\"pt-post-comment\">\r\n                                                              <a href=\"https:\/\/zammi.com.br\/mi\/2025\/02\/20\/movimentos-repetitivos-no-trabalho\/\"><i class=\"fa fa-comments\"><\/i>\r\n                                  0 Comments<\/a>\r\n                        <\/li>\r\n                    <\/ul>\r\n                 <\/div>\r\n\r\n                 <h5 class=\"pt-blog-title\"><a href=\"https:\/\/zammi.com.br\/mi\/2025\/02\/20\/movimentos-repetitivos-no-trabalho\/\">Movimentos repetitivos no trabalho<\/a><\/h5>\r\n\r\n                 <div class=\"pt-blog-info\">\r\n                    <p>Estudos da USP mostram que profissionais da sa\u00fade est\u00e3o entre os mais afetados, enfrentando dores e limita\u00e7\u00f5es que impactam sua qualidade de vida.<\/p>\n                 <\/div>\r\n\r\n                 <div class=\"pt-btn-container\">\r\n                        <a href=\"https:\/\/zammi.com.br\/mi\/2025\/02\/20\/movimentos-repetitivos-no-trabalho\/\" class=\"pt-button pt-button-flat\" >\r\n                          <div class=\"pt-button-block\">\r\n                            <span class=\"pt-button-text\">leia mais<\/span>\r\n                            <i class=\"ion ion-plus-round\"><\/i>\r\n                          <\/div>\r\n                        <\/a>\r\n                    <\/div>\r\n\r\n\r\n              <\/div>\r\n           <\/div>\r\n          <\/div>\r\n\r\n              <div class=\"col-lg-4\">\r\n           <div class=\"pt-blog-post\">\r\n              <div class=\"pt-post-media\">\r\n              <img decoding=\"async\" width=\"1000\" height=\"652\" src=\"https:\/\/zammi.com.br\/mi\/wp-content\/uploads\/2025\/02\/kmp.webp\" class=\"attachment-post-thumbnail size-post-thumbnail wp-post-image\" alt=\"KMP\" srcset=\"https:\/\/zammi.com.br\/mi\/wp-content\/uploads\/2025\/02\/kmp.webp 1000w, https:\/\/zammi.com.br\/mi\/wp-content\/uploads\/2025\/02\/kmp-300x196.webp 300w, https:\/\/zammi.com.br\/mi\/wp-content\/uploads\/2025\/02\/kmp-768x501.webp 768w\" sizes=\"(max-width: 1000px) 100vw, 1000px\" loading=\"lazy\" \/>\r\n              \r\n                                  <div class=\"pt-post-date\">\r\n                    <a href=\"https:\/\/zammi.com.br\/mi\/2025\/02\/13\/\">\r\n                    <span>13 de fevereiro de 2025<\/span><\/a>\r\n                 <\/div>\r\n                                   <\/div>\r\n\r\n                  <div class=\"pt-blog-contain\">\r\n                 <div class=\"pt-post-meta\">\r\n                    <ul>\r\n                       <li class=\"pt-post-author\"><i class=\"fa fa-user\"><\/i>Talita<\/li>\r\n\r\n                       <li class=\"pt-post-comment\">\r\n                                                              <a href=\"https:\/\/zammi.com.br\/mi\/2025\/02\/13\/kit-de-monitoracao-de-pressao-invasiva-kpm\/\"><i class=\"fa fa-comments\"><\/i>\r\n                                  3 Comments<\/a>\r\n                        <\/li>\r\n                    <\/ul>\r\n                 <\/div>\r\n\r\n                 <h5 class=\"pt-blog-title\"><a href=\"https:\/\/zammi.com.br\/mi\/2025\/02\/13\/kit-de-monitoracao-de-pressao-invasiva-kpm\/\">Kit de  Monitora\u00e7\u00e3o de Press\u00e3o Invasiva (KMP)<\/a><\/h5>\r\n\r\n                 <div class=\"pt-blog-info\">\r\n                    <p>Na Zammi, cuidar da sua sa\u00fade \u00e9 nossa prioridade. Alinhados com as Diretrizes de Seguran\u00e7a do Paciente da OMS, desenvolvemos o Kit de Monitora\u00e7\u00e3o&#8230;<\/p>\n                 <\/div>\r\n\r\n                 <div class=\"pt-btn-container\">\r\n                        <a href=\"https:\/\/zammi.com.br\/mi\/2025\/02\/13\/kit-de-monitoracao-de-pressao-invasiva-kpm\/\" class=\"pt-button pt-button-flat\" >\r\n                          <div class=\"pt-button-block\">\r\n                            <span class=\"pt-button-text\">leia mais<\/span>\r\n                            <i class=\"ion ion-plus-round\"><\/i>\r\n                          <\/div>\r\n                        <\/a>\r\n                    <\/div>\r\n\r\n\r\n              <\/div>\r\n           <\/div>\r\n          <\/div>\r\n\r\n              <div class=\"col-lg-4\">\r\n           <div class=\"pt-blog-post\">\r\n              <div class=\"pt-post-media\">\r\n              <img decoding=\"async\" width=\"1000\" height=\"563\" src=\"https:\/\/zammi.com.br\/mi\/wp-content\/uploads\/2025\/01\/centro-cirurgico.webp\" class=\"attachment-post-thumbnail size-post-thumbnail wp-post-image\" alt=\"Centro cir\u00fargico\" srcset=\"https:\/\/zammi.com.br\/mi\/wp-content\/uploads\/2025\/01\/centro-cirurgico.webp 1000w, https:\/\/zammi.com.br\/mi\/wp-content\/uploads\/2025\/01\/centro-cirurgico-300x169.webp 300w, https:\/\/zammi.com.br\/mi\/wp-content\/uploads\/2025\/01\/centro-cirurgico-768x432.webp 768w\" sizes=\"(max-width: 1000px) 100vw, 1000px\" loading=\"lazy\" \/>\r\n              \r\n                                  <div class=\"pt-post-date\">\r\n                    <a href=\"https:\/\/zammi.com.br\/mi\/2025\/01\/24\/\">\r\n                    <span>24 de janeiro de 2025<\/span><\/a>\r\n                 <\/div>\r\n                                   <\/div>\r\n\r\n                  <div class=\"pt-blog-contain\">\r\n                 <div class=\"pt-post-meta\">\r\n                    <ul>\r\n                       <li class=\"pt-post-author\"><i class=\"fa fa-user\"><\/i>Talita<\/li>\r\n\r\n                       <li class=\"pt-post-comment\">\r\n                                                              <a href=\"https:\/\/zammi.com.br\/mi\/2025\/01\/24\/conheca-o-transdutor-de-pressao-invasiva-kpm-7005\/\"><i class=\"fa fa-comments\"><\/i>\r\n                                  0 Comments<\/a>\r\n                        <\/li>\r\n                    <\/ul>\r\n                 <\/div>\r\n\r\n                 <h5 class=\"pt-blog-title\"><a href=\"https:\/\/zammi.com.br\/mi\/2025\/01\/24\/conheca-o-transdutor-de-pressao-invasiva-kpm-7005\/\">Conhe\u00e7a o Transdutor de Press\u00e3o Invasiva &#8211; KMP 7005<\/a><\/h5>\r\n\r\n                 <div class=\"pt-blog-info\">\r\n                    <p>Especialmente projetado para anestesistas, o modelo KMP 7005 da Zammi \u00e9 a combina\u00e7\u00e3o perfeita de precis\u00e3o, seguran\u00e7a e praticidade no centro cir\u00fargico&#8230;<\/p>\n                 <\/div>\r\n\r\n                 <div class=\"pt-btn-container\">\r\n                        <a href=\"https:\/\/zammi.com.br\/mi\/2025\/01\/24\/conheca-o-transdutor-de-pressao-invasiva-kpm-7005\/\" class=\"pt-button pt-button-flat\" >\r\n                          <div class=\"pt-button-block\">\r\n                            <span class=\"pt-button-text\">leia mais<\/span>\r\n                            <i class=\"ion ion-plus-round\"><\/i>\r\n                          <\/div>\r\n                        <\/a>\r\n                    <\/div>\r\n\r\n\r\n              <\/div>\r\n           <\/div>\r\n          <\/div>\r\n\r\n      <\/div>\r\n<\/div>\t\t\t\t<\/div>\n\t\t\t\t<\/div>\n\t\t\t\t\t<\/div>\n\t\t<\/div>\n\t\t\t\t\t<\/div>\n\t\t<\/div>\n\t\t\t\t\t<\/div>\n\t\t<\/div>\n\t\t\t\t\t<\/div>\n\t\t<\/div>\n\t\t\t\t<\/div>\n\t\t","protected":false},"excerpt":{"rendered":"<p>Blog HOME \/ BLOG 20 de fevereiro de 2025 Talita 2 Comments Movimentos repetitivos no trabalho Estudos da USP mostram que profissionais da sa\u00fade est\u00e3o entre os mais afetados, enfrentando dores e limita\u00e7\u00f5es que impactam sua qualidade de vida. leia mais 13 de fevereiro de 2025 Talita 1 Comment Kit de Monitora\u00e7\u00e3o de Press\u00e3o Invasiva [&hellip;]<\/p>\n","protected":false},"author":1,"featured_media":0,"parent":0,"menu_order":0,"comment_status":"closed","ping_status":"closed","template":"","meta":{"_acf_changed":false,"footnotes":""},"class_list":["post-2235","page","type-page","status-publish","hentry"],"acf":[],"aioseo_notices":[],"_links":{"self":[{"href":"https:\/\/zammi.com.br\/mi\/wp-json\/wp\/v2\/pages\/2235","targetHints":{"allow":["GET"]}}],"collection":[{"href":"https:\/\/zammi.com.br\/mi\/wp-json\/wp\/v2\/pages"}],"about":[{"href":"https:\/\/zammi.com.br\/mi\/wp-json\/wp\/v2\/types\/page"}],"author":[{"embeddable":true,"href":"https:\/\/zammi.com.br\/mi\/wp-json\/wp\/v2\/users\/1"}],"replies":[{"embeddable":true,"href":"https:\/\/zammi.com.br\/mi\/wp-json\/wp\/v2\/comments?post=2235"}],"version-history":[{"count":19,"href":"https:\/\/zammi.com.br\/mi\/wp-json\/wp\/v2\/pages\/2235\/revisions"}],"predecessor-version":[{"id":21337,"href":"https:\/\/zammi.com.br\/mi\/wp-json\/wp\/v2\/pages\/2235\/revisions\/21337"}],"wp:attachment":[{"href":"https:\/\/zammi.com.br\/mi\/wp-json\/wp\/v2\/media?parent=2235"}],"curies":[{"name":"wp","href":"https:\/\/api.w.org\/{rel}","templated":true}]}}