{"id":3,"date":"2025-01-03T09:55:57","date_gmt":"2025-01-03T12:55:57","guid":{"rendered":"https:\/\/zammi.com.br\/mi\/?page_id=3"},"modified":"2025-04-08T11:01:16","modified_gmt":"2025-04-08T14:01:16","slug":"politica-de-privacidade","status":"publish","type":"page","link":"https:\/\/zammi.com.br\/mi\/politica-de-privacidade\/","title":{"rendered":"Pol\u00edtica de privacidade"},"content":{"rendered":"\t\t<div data-elementor-type=\"wp-page\" data-elementor-id=\"3\" class=\"elementor elementor-3\">\n\t\t\t\t<div class=\"elementor-element elementor-element-e78645a e-flex e-con-boxed e-con e-parent\" data-id=\"e78645a\" data-element_type=\"container\" data-e-type=\"container\" data-settings=\"{&quot;background_background&quot;:&quot;classic&quot;}\">\n\t\t\t\t\t<div class=\"e-con-inner\">\n\t\t<div class=\"elementor-element elementor-element-fb68426 e-con-full e-flex e-con e-child\" data-id=\"fb68426\" data-element_type=\"container\" data-e-type=\"container\" data-settings=\"{&quot;background_background&quot;:&quot;classic&quot;}\">\n\t\t\t\t<div class=\"elementor-element elementor-element-2a285eb elementor-widget elementor-widget-heading\" data-id=\"2a285eb\" data-element_type=\"widget\" data-e-type=\"widget\" data-widget_type=\"heading.default\">\n\t\t\t\t<div class=\"elementor-widget-container\">\n\t\t\t\t\t<h2 class=\"elementor-heading-title elementor-size-default\">Pol\u00edtica de Privacidade<\/h2>\t\t\t\t<\/div>\n\t\t\t\t<\/div>\n\t\t\t\t<\/div>\n\t\t\t\t<div class=\"elementor-element elementor-element-dc4df40 elementor-widget-mobile__width-initial elementor-widget elementor-widget-text-editor\" data-id=\"dc4df40\" data-element_type=\"widget\" data-e-type=\"widget\" data-widget_type=\"text-editor.default\">\n\t\t\t\t<div class=\"elementor-widget-container\">\n\t\t\t\t\t\t\t\t\t<p><strong><span style=\"color: #ffffff;\"><a style=\"color: #ffffff;\" href=\"https:\/\/zammi.com.br\/mi\/\">HOME<\/a> <span style=\"color: #d14041;\"><span style=\"color: #d14041;\"><span style=\"color: #ffffff;\">\/<\/span> <a title=\"Pol\u00edtica de privacidade\" href=\"https:\/\/zammi.com.br\/mi\/politica-de-privacidade\/\"><span style=\"color: #d14041;\">POL\u00cdTICA DE PRIVACIDADE<\/span><\/a><\/span><\/span><\/span><\/strong><\/p>\t\t\t\t\t\t\t\t<\/div>\n\t\t\t\t<\/div>\n\t\t\t\t\t<\/div>\n\t\t\t\t<\/div>\n\t\t<div class=\"elementor-element elementor-element-1da3ced0 e-flex e-con-boxed e-con e-parent\" data-id=\"1da3ced0\" data-element_type=\"container\" data-e-type=\"container\">\n\t\t\t\t\t<div class=\"e-con-inner\">\n\t\t\t\t<div class=\"elementor-element elementor-element-1687462f elementor-widget elementor-widget-text-editor\" data-id=\"1687462f\" data-element_type=\"widget\" data-e-type=\"widget\" data-widget_type=\"text-editor.default\">\n\t\t\t\t<div class=\"elementor-widget-container\">\n\t\t\t\t\t\t\t\t\t\n<p>Na Zammi, privacidade e seguran\u00e7a s\u00e3o prioridades e nos comprometemos com a transpar\u00eancia do tratamento de dados pessoais dos nossos usu\u00e1rios\/clientes. Por isso, essa presente Pol\u00edtica de Privacidade estabelece como \u00e9 feita a coleta, uso e transfer\u00eancia de informa\u00e7\u00f5es de clientes ou outras pessoas que acessam ou usam nosso site.<\/p>\n\n<p>Ao utilizar nossos servi\u00e7os, voc\u00ea entende que coletaremos e usaremos suas informa\u00e7\u00f5es pessoais nas formas descritas nesta Pol\u00edtica, sob as normas da Constitui\u00e7\u00e3o Federal de 1988 (art. 5\u00ba, LXXIX; e o art. 22\u00ba, XXX \u2013 inclu\u00eddos pela EC 115\/2022), das normas de Prote\u00e7\u00e3o de Dados (LGPD, Lei Federal 13.709\/2018), das disposi\u00e7\u00f5es consumeristas da Lei Federal 8078\/1990 e as demais normas do ordenamento jur\u00eddicos brasileiros aplic\u00e1veis.<\/p>\n\n<p>Dessa forma, a Zammi Instrumental EIRELI, doravante denominada simplesmente como Zammi, inscrita no CNPJ\/MF sob o n\u00ba 30.450.803\/0001-09 no papel de Controladora de Dados, obriga-se ao disposto na presente Pol\u00edtica de Privacidade.<\/p>\n\n<p><b>1. Quais dados coletamos sobre voc\u00ea e para qual finalidade?<\/b><\/p>\n\n<p>Solicitamos informa\u00e7\u00f5es pessoais apenas quando realmente precisamos delas para lhe fornecer um servi\u00e7o. Fazendo por meios justos e legais, com o seu conhecimento e consentimento. Tamb\u00e9m informamos por que estamos coletando e como ser\u00e1 usado.<\/p>\n<p>Apenas retemos as informa\u00e7\u00f5es coletadas pelo tempo necess\u00e1rio para fornecer o servi\u00e7o solicitado. Quando armazenamos dados, protegemos dentro de meios comercialmente aceit\u00e1veis \u200b\u200bpara evitar perdas e roubos, bem como acesso, divulga\u00e7\u00e3o, c\u00f3pia, uso ou modifica\u00e7\u00e3o n\u00e3o autorizados.<\/p>\n<p>N\u00e3o compartilhamos informa\u00e7\u00f5es de identifica\u00e7\u00e3o pessoal publicamente ou com terceiros, exceto quando exigido por lei.<\/p>\n<p>O nosso site pode ter links para sites externos que n\u00e3o s\u00e3o operados por n\u00f3s. Esteja ciente de que n\u00e3o temos controle sobre o conte\u00fado e pr\u00e1ticas desses sites e n\u00e3o podemos aceitar responsabilidade por suas respectivas pol\u00edticas de privacidade.<\/p>\n<p>Voc\u00ea \u00e9 livre para recusar a nossa solicita\u00e7\u00e3o de informa\u00e7\u00f5es pessoais, entendendo que talvez n\u00e3o possamos fornecer alguns dos servi\u00e7os desejados.<\/p>\n<p>Nosso site coleta e utiliza alguns dados pessoais seus, de forma a viabilizar a presta\u00e7\u00e3o de servi\u00e7os e aprimorar a experi\u00eancia de uso.<\/p>\n<p><b>2. Como coletamos os seus dados?<\/b><\/p>\n<p>Nesse sentido, a coleta dos seus dados pessoais ocorre da seguinte forma:<br \/>\u2022 Formul\u00e1rio de contato<br \/>\u2022 Mensagem recebida via e-mail<\/p>\n<p><b>2.1. Consentimento<\/b><\/p>\n<p>\u00c9 a partir do seu consentimento que tratamos os seus dados pessoais. O consentimento \u00e9 a manifesta\u00e7\u00e3o livre, informada e inequ\u00edvoca pela qual voc\u00ea autoriza a Zammi a tratar seus dados.<\/p>\n<p>Assim, em conson\u00e2ncia com a Lei Geral de Prote\u00e7\u00e3o de Dados, seus dados s\u00f3 ser\u00e3o coletados, tratados e armazenados mediante pr\u00e9vio e expresso consentimento.<\/p>\n<p>O seu consentimento ser\u00e1 obtido de forma espec\u00edfica para cada finalidade acima descrita, evidenciando o compromisso de transpar\u00eancia e boa-f\u00e9 da Zammi para com seus usu\u00e1rios\/clientes, seguindo as regula\u00e7\u00f5es legislativas pertinentes.<\/p>\n<p>Ao utilizar os produtos da Zammi e fornecer seus dados pessoais, voc\u00ea est\u00e1 ciente e consentindo com as disposi\u00e7\u00f5es desta Pol\u00edtica de Privacidade, al\u00e9m de conhecer seus direitos e como exerc\u00ea-los.<\/p>\n<p>A qualquer tempo e sem nenhum custo, voc\u00ea poder\u00e1 revogar seu consentimento. \u00c9 importante destacar que a revoga\u00e7\u00e3o do consentimento para o tratamento dos dados pode implicar a impossibilidade da performance adequada de alguma funcionalidade do site que dependa da opera\u00e7\u00e3o. Tais consequ\u00eancias ser\u00e3o informadas previamente.<\/p>\n<p><b>3. Quais s\u00e3o os seus direitos?<\/b><\/p>\n<p>A Zammi assegura a seus usu\u00e1rios\/clientes seus direitos de titular previstos no artigo 18 da Lei Geral de Prote\u00e7\u00e3o de Dados. Dessa forma, voc\u00ea pode, de maneira gratuita e a qualquer tempo:<\/p>\n<ul>\n<li>Confirmar a exist\u00eancia de tratamento de dados, de maneira simplificada ou em formato claro e completo.<br \/>\u2022 Acessar seus dados, podendo solicit\u00e1-los em uma c\u00f3pia leg\u00edvel sob forma impressa ou por meio eletr\u00f4nico, seguro e id\u00f4neo.<br \/>\u2022 Corrigir seus dados, ao solicitar a edi\u00e7\u00e3o, corre\u00e7\u00e3o ou atualiza\u00e7\u00e3o destes.<br \/>\u2022 Eliminar seus dados tratados a partir de seu consentimento, exceto nos casos previstos em lei.<br \/>\u2022 Revogar seu consentimento, desautorizando o tratamento de seus dados.<\/li>\n<\/ul>\n\n<p><b>4. Como voc\u00ea pode exercer seus direitos de titular?<\/b><\/p>\n<p>Para exercer seus direitos de titular, voc\u00ea deve entrar em contato com a atrav\u00e9s dos seguintes meios dispon\u00edveis:<br \/>\u2022 E-mail: faleconosco@zammi.com.br<\/p>\n<p>De forma a garantir a sua correta identifica\u00e7\u00e3o como titular dos dados pessoais objeto da solicita\u00e7\u00e3o, \u00e9 poss\u00edvel que solicitemos documentos ou demais comprova\u00e7\u00f5es que possam comprovar sua identidade. Nessa hip\u00f3tese, voc\u00ea ser\u00e1 informado previamente.<\/p>\n<p><b>5. Como e por quanto tempo seus dados ser\u00e3o armazenados?<\/b><\/p>\n<p>Seus dados pessoais coletados pela Zammi ser\u00e3o utilizados e armazenados durante o tempo necess\u00e1rio para a presta\u00e7\u00e3o do servi\u00e7o ou para que as finalidades elencadas na presente Pol\u00edtica de Privacidade sejam atingidas, considerando os direitos dos titulares dos dados e dos controladores.<\/p>\n<p>O armazenamento de dados coletados pela Zammi reflete o nosso compromisso com a seguran\u00e7a e privacidade dos seus dados. Empregamos medidas e solu\u00e7\u00f5es t\u00e9cnicas de prote\u00e7\u00e3o aptas a garantir a confidencialidade, integridade e inviolabilidade dos seus dados. Al\u00e9m disso, tamb\u00e9m contamos com medidas de seguran\u00e7a apropriadas aos riscos e com controle de acesso \u00e0s informa\u00e7\u00f5es armazenadas.<\/p>\n<p><b>6. O que fazemos para manter seus dados seguros?<\/b><\/p>\n<p>Para mantermos suas informa\u00e7\u00f5es pessoais seguras, usamos ferramentas f\u00edsicas, eletr\u00f4nicas e gerenciais orientadas para a prote\u00e7\u00e3o da sua privacidade.<\/p>\n<p>Aplicamos essas ferramentas levando em considera\u00e7\u00e3o a natureza dos dados pessoais coletados, o contexto e a finalidade do tratamento e os riscos que eventuais viola\u00e7\u00f5es gerariam para os direitos e liberdades do titular dos dados coletados e tratados.<\/p>\n<p>Entre as medidas que adotamos, destacamos as seguintes:<br \/>\u2022 Apenas pessoas autorizadas t\u00eam acesso a seus dados pessoais.<br \/>\u2022 O acesso a seus dados pessoais \u00e9 feito somente ap\u00f3s o compromisso de confidencialidade.<br \/>\u2022 Seus dados pessoais s\u00e3o armazenados em ambiente seguro e id\u00f4neo.<\/p>\n<p>A Zammi se compromete a adotar as melhores posturas para evitar incidentes de seguran\u00e7a. Contudo, \u00e9 necess\u00e1rio destacar que nenhuma p\u00e1gina virtual \u00e9 inteiramente segura e livre de riscos. \u00c9 poss\u00edvel que, apesar de todos os nossos protocolos de seguran\u00e7a, problemas de culpa exclusivamente de terceiros ocorram, como ataques cibern\u00e9ticos de hackers, ou tamb\u00e9m em decorr\u00eancia da neglig\u00eancia ou imprud\u00eancia do pr\u00f3prio usu\u00e1rio\/cliente.<\/p>\n<p>Em caso de incidentes de seguran\u00e7a que possa gerar risco ou dano relevante para voc\u00ea ou qualquer um de nossos usu\u00e1rios\/clientes, comunicaremos aos afetados e a Autoridade Nacional de Prote\u00e7\u00e3o de Dados sobre o ocorrido, em conson\u00e2ncia com as disposi\u00e7\u00f5es da Lei Geral de Prote\u00e7\u00e3o de Dados.<\/p>\n<p><b>7. Com quem seus dados podem ser compartilhados?<\/b><\/p>\n<p>Tendo em vista a preserva\u00e7\u00e3o de sua privacidade, a Zammi n\u00e3o compartilhar\u00e1 seus dados pessoais com nenhum terceiro n\u00e3o autorizado.<\/p>\n<p>Seus dados poder\u00e3o ser compartilhados com nossos parceiros comerciais.<\/p>\n<p>Estes recebem seus dados apenas na medida do necess\u00e1rio para a presta\u00e7\u00e3o dos servi\u00e7os contratados e nossos contratos s\u00e3o orientados pelas normas de prote\u00e7\u00e3o de dados do ordenamento jur\u00eddico brasileiro.<\/p>\n<p>Al\u00e9m disso, tamb\u00e9m existem outras hip\u00f3teses em que seus dados poder\u00e3o ser compartilhados, que s\u00e3o:<\/p>\n<p>I \u2013 Determina\u00e7\u00e3o legal, requerimento, requisi\u00e7\u00e3o ou ordem judicial, com autoridades judiciais, administrativas ou governamentais competentes.<\/p>\n<p>II \u2013 Caso de movimenta\u00e7\u00f5es societ\u00e1rias, como fus\u00e3o, aquisi\u00e7\u00e3o e incorpora\u00e7\u00e3o, de forma autom\u00e1tica.<\/p>\n<p>III \u2013 Prote\u00e7\u00e3o dos direitos da Zammi em qualquer tipo de conflito, inclusive os de teor judicial.<\/p>\n<p><b>7.1. Transfer\u00eancia internacional de dados<\/b><\/p>\n<p>Alguns dos terceiros com quem compartilhamos seus dados podem ser localizados ou possuir instala\u00e7\u00f5es localizadas em pa\u00edses estrangeiros. Nessas condi\u00e7\u00f5es, de toda forma, seus dados pessoais estar\u00e3o sujeitos \u00e0 Lei Geral de Prote\u00e7\u00e3o de Dados e \u00e0s demais legisla\u00e7\u00f5es brasileiras de prote\u00e7\u00e3o de dados<\/p>\n<p>Nesse sentido, a Zammi se compromete a sempre adotar eficientes padr\u00f5es de seguran\u00e7a cibern\u00e9tica e de prote\u00e7\u00e3o de dados, nos melhores esfor\u00e7os de garantir e cumprir as exig\u00eancias legislativas.<\/p>\n<p>Ao concordar com essa Pol\u00edtica de Privacidade, voc\u00ea concorda com esse compartilhamento, que se dar\u00e1 conforme as finalidades descritas no presente instrumento.<\/p>\n<p><b>8. Cookies ou dados de navega\u00e7\u00e3o<\/b><\/p>\n<p>A Zammi faz uso de Cookies, que s\u00e3o arquivos de texto enviados pela plataforma ao seu computador e que nele se armazenam, que cont\u00e9m informa\u00e7\u00f5es relacionadas \u00e0 navega\u00e7\u00e3o do site. Em suma, os Cookies s\u00e3o utilizados para aprimorar a experi\u00eancia de uso.<\/p>\n<p>Ao acessar nosso site e consentir com o uso de Cookies, voc\u00ea manifesta conhecer e aceitar a utiliza\u00e7\u00e3o de um sistema de coleta de dados de navega\u00e7\u00e3o com o uso de Cookies em seu dispositivo.<\/p>\n<p>A Zammi utiliza os seguintes Cookies:<\/p>\n<p>Cookies de sess\u00e3o: Cookies da sess\u00e3o s\u00e3o cookies tempor\u00e1rios que s\u00e3o utilizados para lembrar de voc\u00ea durante o curso da sua visita ao website, e eles perdem a validade quando voc\u00ea fecha o navegador. Ele \u00e9 armazenado na mem\u00f3ria tempor\u00e1ria do computador e n\u00e3o \u00e9 retido depois que o navegador \u00e9 encerrado.<\/p>\n<p>Cookies Persistentes: Cookies persistentes s\u00e3o utilizados para lembrar suas prefer\u00eancias do website e permanecem no seu desktop ou dispositivo m\u00f3vel mesmo depois de voc\u00ea fechar o seu navegador ou efetuar uma reinicializa\u00e7\u00e3o. Usamos estes cookies para analisar o comportamento do usu\u00e1rio e estabelecer padr\u00f5es, de modo que possamos melhorar a funcionalidade do nosso website para voc\u00ea e outros que visitam o(s) nosso(s) website(s). Estes cookies tamb\u00e9m permitem que possamos oferecer an\u00fancios segmentados e medir a efic\u00e1cia do nosso site e a funcionalidade de tais an\u00fancios.<\/p>\n<p>Voc\u00ea pode, a qualquer tempo e sem nenhum custo, alterar as permiss\u00f5es, bloquear ou recusar os Cookies. Todavia, a revoga\u00e7\u00e3o do consentimento de determinados Cookies pode inviabilizar o funcionamento correto de alguns recursos da plataforma.<\/p>\n<p>Para gerenciar os cookies do seu navegador, basta faz\u00ea-lo diretamente nas configura\u00e7\u00f5es do navegador, na \u00e1rea de gest\u00e3o de Cookies. Voc\u00ea pode acessar tutoriais sobre o tema diretamente nos links abaixo:<\/p>\n<p>Se voc\u00ea usa o<a href=\"https:\/\/support.microsoft.com\/pt-br\/windows\/excluir-e-gerenciar-cookies-168dab11-0753-043d-7c16-ede5947fc64d\"> Internet Explorer<\/a>.<\/p>\n<p>Se voc\u00ea usa o<a href=\"https:\/\/support.mozilla.org\/pt-BR\/kb\/gerencie-configuracoes-de-armazenamento-local-de-s\"> Firefox<\/a>.<\/p>\n<p>Se voc\u00ea usa o<a href=\"https:\/\/support.apple.com\/pt-br\/guide\/safari\/sfri11471\/mac\"> Safari<\/a>.<\/p>\n<p>Se voc\u00ea usa o<a href=\"https:\/\/support.google.com\/chrome\/answer\/95647?co=GENIE.Platform%3DDesktop&amp;oco=1&amp;hl=pt-BR\"> Google Chrome<\/a>.<\/p>\n<p>Se voc\u00ea usa o<a href=\"https:\/\/support.microsoft.com\/pt-br\/microsoft-edge\/excluir-cookies-no-microsoft-edge-63947406-40ac-c3b8-57b9-2a946a29ae09\"> Microsoft Edge<\/a>.<\/p>\n<p>Se voc\u00ea usa o<a href=\"https:\/\/help.opera.com\/en\/latest\/web-preferences\/#cookies\"> Opera.<\/a><\/p>\n<p><b>9. Altera\u00e7\u00e3o desta Pol\u00edtica de Privacidade<\/b><\/p>\n<p>A atual vers\u00e3o da Pol\u00edtica de Privacidade foi formulada e atualizada pela \u00faltima vez em: 18\/03\/2025.<\/p>\n<p>Reservamos o direito de modificar essa Pol\u00edtica de Privacidade a qualquer tempo, principalmente em fun\u00e7\u00e3o da adequa\u00e7\u00e3o a eventuais altera\u00e7\u00f5es feitas em nosso site ou em \u00e2mbito legislativo. Recomendamos que voc\u00ea a revise com frequ\u00eancia.<\/p>\n<p>Eventuais altera\u00e7\u00f5es entrar\u00e3o em vigor a partir de sua publica\u00e7\u00e3o em nosso site e sempre lhe notificaremos acerca das mudan\u00e7as ocorridas.<\/p>\n<p>Ao utilizar nossos servi\u00e7os e fornecer seus dados pessoais ap\u00f3s tais modifica\u00e7\u00f5es, voc\u00ea as consente.<\/p>\n<p><b>10. Responsabilidade<\/b><\/p>\n<p>A Zammi prev\u00ea a responsabilidade dos agentes que atuam nos processos de tratamento de dados, em conformidade com os artigos 42 ao 45 da Lei Geral de Prote\u00e7\u00e3o de Dados.<\/p>\n<p>Nos comprometemos em manter esta Pol\u00edtica de Privacidade atualizada, observando suas disposi\u00e7\u00f5es e zelando por seu cumprimento.<\/p>\n<p>Al\u00e9m disso, tamb\u00e9m assumimos o compromisso de buscar condi\u00e7\u00f5es t\u00e9cnicas e organizativas seguramente aptas a proteger todo o processo de tratamento de dados.<\/p>\n<p>Caso a Autoridade Nacional de Prote\u00e7\u00e3o de Dados exija a ado\u00e7\u00e3o de provid\u00eancias em rela\u00e7\u00e3o ao tratamento de dados realizado pela Zammi, comprometemo-nos a segui-las.<\/p>\n<p><b>10.1 Isen\u00e7\u00e3o de responsabilidade<\/b><\/p>\n<p>Conforme mencionado no T\u00f3pico 6, embora adotemos elevados padr\u00f5es de seguran\u00e7a a fim de evitar incidentes, n\u00e3o h\u00e1 nenhuma p\u00e1gina virtual inteiramente livre de riscos. Nesse sentido, a Zammi n\u00e3o se responsabiliza por:<\/p>\n<p>I \u2013 Quaisquer consequ\u00eancias decorrentes da neglig\u00eancia, imprud\u00eancia ou imper\u00edcia dos usu\u00e1rios em rela\u00e7\u00e3o a seus dados individuais. Garantimos e nos responsabilizamos apenas pela seguran\u00e7a dos processos de tratamento de dados e do cumprimento das finalidades descritas no presente instrumento.<\/p>\n<p>Destacamos que a responsabilidade em rela\u00e7\u00e3o \u00e0 confidencialidade dos dados de acesso \u00e9 do usu\u00e1rio.<\/p>\n<p>II \u2013 A\u00e7\u00f5es maliciosas de terceiros, como ataques de hackers, exceto se comprovada conduta culposa ou deliberada da Zammi.<\/p>\n<p>Destacamos que em caso de incidentes de seguran\u00e7a que possam gerar risco ou dano relevante para voc\u00ea ou qualquer um de nossos usu\u00e1rios\/clientes, comunicaremos aos afetados e a Autoridade Nacional de Prote\u00e7\u00e3o de Dados sobre o ocorrido e cumpriremos as provid\u00eancias necess\u00e1rias.<\/p>\n<p>III \u2013 Inveracidade das informa\u00e7\u00f5es inseridas pelo usu\u00e1rio\/cliente nos registros necess\u00e1rios para a utiliza\u00e7\u00e3o dos servi\u00e7os da Zammi; quaisquer consequ\u00eancias decorrentes de informa\u00e7\u00f5es falsas ou inseridas de m\u00e1-f\u00e9 s\u00e3o de inteiramente responsabilidade do usu\u00e1rio\/cliente.<\/p>\n<p><b>11. Compromisso do Usu\u00e1rio<\/b><\/p>\n<p>O usu\u00e1rio se compromete a fazer uso adequado dos conte\u00fados e da informa\u00e7\u00e3o que a Zammi oferece no site e com car\u00e1ter enunciativo, mas n\u00e3o limitativo:<\/p>\n<ul>\n<li aria-level=\"1\">A) N\u00e3o se envolver em atividades que sejam ilegais ou contr\u00e1rias \u00e0 boa f\u00e9 \u00e0 ordem p\u00fablica;<br \/><br \/><\/li>\n<li aria-level=\"1\">B) N\u00e3o difundir propaganda ou conte\u00fado de natureza racista, xenof\u00f3bica, qualquer tipo de pornografia ilegal, de apologia ao terrorismo ou contra os direitos humanos;<br \/><br \/><\/li>\n<li aria-level=\"1\">C) N\u00e3o causar danos aos sistemas f\u00edsicos (hardwares) e l\u00f3gicos (softwares) da Zammi, de seus fornecedores ou terceiros, para introduzir ou disseminar v\u00edrus inform\u00e1ticos ou quaisquer outros sistemas de hardware ou software que sejam capazes de causar danos anteriormente mencionados.<br \/><br \/><\/li>\n<\/ul>\n<p><b>12. Encarregado de Prote\u00e7\u00e3o de Dados<\/b><\/p>\n<p>Esperemos que esteja esclarecido e, como mencionado anteriormente, se houver algo que voc\u00ea n\u00e3o tem certeza se precisa ou n\u00e3o, geralmente \u00e9 mais seguro deixar os cookies ativados, caso interaja com um dos recursos que voc\u00ea usa em nosso site.<\/p>\n<p>A Zammi disponibiliza os seguintes meios para que voc\u00ea possa entrar em contato conosco para exercer seus direitos de titular: faleconosco@zammi.com.br<\/p>\n<p>\u00a0<\/p>\n\t\t\t\t\t\t\t\t<\/div>\n\t\t\t\t<\/div>\n\t\t\t\t\t<\/div>\n\t\t\t\t<\/div>\n\t\t\t\t<\/div>\n\t\t","protected":false},"excerpt":{"rendered":"<p>Pol\u00edtica de Privacidade HOME \/ POL\u00cdTICA DE PRIVACIDADE Na Zammi, privacidade e seguran\u00e7a s\u00e3o prioridades e nos comprometemos com a transpar\u00eancia do tratamento de dados pessoais dos nossos usu\u00e1rios\/clientes. Por isso, essa presente Pol\u00edtica de Privacidade estabelece como \u00e9 feita a coleta, uso e transfer\u00eancia de informa\u00e7\u00f5es de clientes ou outras pessoas que acessam ou [&hellip;]<\/p>\n","protected":false},"author":1,"featured_media":0,"parent":0,"menu_order":0,"comment_status":"open","ping_status":"open","template":"elementor_header_footer","meta":{"_acf_changed":false,"footnotes":""},"class_list":["post-3","page","type-page","status-publish","hentry"],"acf":[],"aioseo_notices":[],"_links":{"self":[{"href":"https:\/\/zammi.com.br\/mi\/wp-json\/wp\/v2\/pages\/3","targetHints":{"allow":["GET"]}}],"collection":[{"href":"https:\/\/zammi.com.br\/mi\/wp-json\/wp\/v2\/pages"}],"about":[{"href":"https:\/\/zammi.com.br\/mi\/wp-json\/wp\/v2\/types\/page"}],"author":[{"embeddable":true,"href":"https:\/\/zammi.com.br\/mi\/wp-json\/wp\/v2\/users\/1"}],"replies":[{"embeddable":true,"href":"https:\/\/zammi.com.br\/mi\/wp-json\/wp\/v2\/comments?post=3"}],"version-history":[{"count":18,"href":"https:\/\/zammi.com.br\/mi\/wp-json\/wp\/v2\/pages\/3\/revisions"}],"predecessor-version":[{"id":21612,"href":"https:\/\/zammi.com.br\/mi\/wp-json\/wp\/v2\/pages\/3\/revisions\/21612"}],"wp:attachment":[{"href":"https:\/\/zammi.com.br\/mi\/wp-json\/wp\/v2\/media?parent=3"}],"curies":[{"name":"wp","href":"https:\/\/api.w.org\/{rel}","templated":true}]}}